{"id":7754,"date":"2026-01-06T11:51:12","date_gmt":"2026-01-06T11:51:12","guid":{"rendered":"https:\/\/natuzzi.si\/italia\/?page_id=7754"},"modified":"2026-01-06T11:51:12","modified_gmt":"2026-01-06T11:51:12","slug":"moznosti-placila","status":"publish","type":"page","link":"https:\/\/natuzzi.si\/italia\/moznosti-placila\/","title":{"rendered":"Mo\u017enosti pla\u010dila"},"content":{"rendered":"<div class=\"fusion-fullwidth fullwidth-box fusion-builder-row-1 fusion-flex-container has-pattern-background has-mask-background na-500-pink-bg-container nonhundred-percent-fullwidth non-hundred-percent-height-scrolling\" style=\"--awb-border-radius-top-left:0px;--awb-border-radius-top-right:0px;--awb-border-radius-bottom-right:0px;--awb-border-radius-bottom-left:0px;--awb-padding-top:180px;--awb-padding-top-small:60px;--awb-flex-wrap:wrap;\" ><div class=\"fusion-builder-row fusion-row fusion-flex-align-items-flex-start fusion-flex-justify-content-center fusion-flex-content-wrap\" style=\"max-width:1788.8px;margin-left: calc(-4% \/ 2 );margin-right: calc(-4% \/ 2 );\"><div class=\"fusion-layout-column fusion_builder_column fusion-builder-column-0 fusion-flex-column\" style=\"--awb-bg-size:cover;--awb-width-large:800px;--awb-margin-top-large:0px;--awb-spacing-right-large:2%;--awb-margin-bottom-large:20px;--awb-spacing-left-large:2%;--awb-width-medium:800px;--awb-order-medium:0;--awb-spacing-right-medium:2%;--awb-spacing-left-medium:2%;--awb-width-small:100%;--awb-order-small:0;--awb-spacing-right-small:1.92%;--awb-spacing-left-small:1.92%;\" data-scroll-devices=\"small-visibility,medium-visibility,large-visibility\"><div class=\"fusion-column-wrapper fusion-column-has-shadow fusion-flex-justify-content-flex-start fusion-content-layout-column\"><div class=\"fusion-title title fusion-title-1 fusion-sep-none fusion-title-text fusion-title-size-one\"><h1 class=\"fusion-title-heading title-heading-left\" style=\"margin:0;\">Mo\u017enosti pla\u010dila<\/h1><\/div><div class=\"fusion-text fusion-text-1\"><p>Poleg gotovinskega pla\u010dila vam ponujamo <strong>razli\u010dne mo\u017enosti pla\u010dil<\/strong>. Pri nas boste lahko izbrali na\u010din financiranja, ki bo za vas najprimernej\u0161i.<\/p>\n<h3>Leanpay<\/h3>\n<\/div><div class=\"fusion-image-element \" style=\"--awb-margin-bottom:30px;--awb-caption-title-font-family:var(--h2_typography-font-family);--awb-caption-title-font-weight:var(--h2_typography-font-weight);--awb-caption-title-font-style:var(--h2_typography-font-style);--awb-caption-title-size:var(--h2_typography-font-size);--awb-caption-title-transform:var(--h2_typography-text-transform);--awb-caption-title-line-height:var(--h2_typography-line-height);--awb-caption-title-letter-spacing:var(--h2_typography-letter-spacing);\"><span class=\" fusion-imageframe imageframe-none imageframe-1 hover-type-none\"><img decoding=\"async\" width=\"752\" height=\"96\" title=\"homepage_mobile_2x_752_x_96\" src=\"https:\/\/natuzzi.si\/italia\/wp-content\/uploads\/2026\/01\/homepage_mobile_2x_752_x_96.png\" alt class=\"img-responsive wp-image-7755\" srcset=\"https:\/\/natuzzi.si\/italia\/wp-content\/uploads\/2026\/01\/homepage_mobile_2x_752_x_96-200x26.png 200w, https:\/\/natuzzi.si\/italia\/wp-content\/uploads\/2026\/01\/homepage_mobile_2x_752_x_96-400x51.png 400w, https:\/\/natuzzi.si\/italia\/wp-content\/uploads\/2026\/01\/homepage_mobile_2x_752_x_96-600x77.png 600w, https:\/\/natuzzi.si\/italia\/wp-content\/uploads\/2026\/01\/homepage_mobile_2x_752_x_96.png 752w\" sizes=\"(max-width: 640px) 100vw, 752px\" \/><\/span><\/div><div class=\"fusion-text fusion-text-2\"><p><strong>Takoj odobreni nakupi na obroke<\/strong>, ki ga v Sloveniji uporablja \u017ee na tiso\u010de uporabnikov. Leanpay ne zahteva obiska banke in papirne dokumentacije ter je lahko urejen v trenutku. Preprosto in brez skrbi. Olaj\u0161ajte si nakupe ter si zagotovite upravljanje z obro\u010dnimi pla\u010dili na enostaven na\u010din.\u00a0<strong>Kupujte la\u017eje in preprosteje.<\/strong><\/p>\n<\/div><div class=\"fusion-image-element \" style=\"--awb-margin-bottom:30px;--awb-caption-title-font-family:var(--h2_typography-font-family);--awb-caption-title-font-weight:var(--h2_typography-font-weight);--awb-caption-title-font-style:var(--h2_typography-font-style);--awb-caption-title-size:var(--h2_typography-font-size);--awb-caption-title-transform:var(--h2_typography-text-transform);--awb-caption-title-line-height:var(--h2_typography-line-height);--awb-caption-title-letter-spacing:var(--h2_typography-letter-spacing);\"><span class=\" fusion-imageframe imageframe-none imageframe-2 hover-type-none\"><img decoding=\"async\" width=\"580\" height=\"817\" title=\"2\" src=\"https:\/\/natuzzi.si\/italia\/wp-content\/uploads\/2026\/01\/2.jpg\" alt class=\"img-responsive wp-image-7740\" srcset=\"https:\/\/natuzzi.si\/italia\/wp-content\/uploads\/2026\/01\/2-200x282.jpg 200w, https:\/\/natuzzi.si\/italia\/wp-content\/uploads\/2026\/01\/2-400x563.jpg 400w, https:\/\/natuzzi.si\/italia\/wp-content\/uploads\/2026\/01\/2.jpg 580w\" sizes=\"(max-width: 640px) 100vw, 580px\" \/><\/span><\/div><div class=\"fusion-image-element \" style=\"--awb-margin-bottom:30px;--awb-caption-title-font-family:var(--h2_typography-font-family);--awb-caption-title-font-weight:var(--h2_typography-font-weight);--awb-caption-title-font-style:var(--h2_typography-font-style);--awb-caption-title-size:var(--h2_typography-font-size);--awb-caption-title-transform:var(--h2_typography-text-transform);--awb-caption-title-line-height:var(--h2_typography-line-height);--awb-caption-title-letter-spacing:var(--h2_typography-letter-spacing);\"><span class=\" fusion-imageframe imageframe-none imageframe-3 hover-type-none\"><img decoding=\"async\" width=\"582\" height=\"817\" title=\"3\" src=\"https:\/\/natuzzi.si\/italia\/wp-content\/uploads\/2026\/01\/3.jpg\" alt class=\"img-responsive wp-image-7741\" srcset=\"https:\/\/natuzzi.si\/italia\/wp-content\/uploads\/2026\/01\/3-200x281.jpg 200w, https:\/\/natuzzi.si\/italia\/wp-content\/uploads\/2026\/01\/3-400x562.jpg 400w, https:\/\/natuzzi.si\/italia\/wp-content\/uploads\/2026\/01\/3.jpg 582w\" sizes=\"(max-width: 640px) 100vw, 582px\" \/><\/span><\/div><div class=\"fusion-text fusion-text-3\"><h3>NLB nakup na obroke<\/h3>\n<p>Prednosti:<\/p>\n<p>\u2022 Storitev je na voljo na pla\u010dilnih karticah z odlo\u017eenim pla\u010dilom <strong>MasterCard, Visa in Karanta.<\/strong><\/p>\n<p>\u2022 <strong>Brez dodatnih obresti in stro\u0161kov.<\/strong><\/p>\n<p>\u2022 Vi\u0161ina nakupa je odvisna od vi\u0161ine neporabljenega limita na kartici, s katero boste opravili nakup.<\/p>\n<p>\u2022 Za nakup na obroke se odlo\u010dite neposredno na prodajnem mestu.<\/p>\n<p>\u2022 Najmanj\u0161e \u0161tevilo obrokov je 2, najve\u010dje 24.<\/p>\n<p>\u2022 \u0160tevilo obrokov in najni\u017eji znesek obroka dolo\u010di posamezno prodajno mesto (natan\u010dne informacije dobite na prodajnem mestu).<\/p>\n<h3>Diners<\/h3>\n<p>Da bodo nakupi ugodnej\u0161i vam ponujamo tudi DINERS obro\u010dno odpla\u010devanje.<\/p>\n<\/div><\/div><\/div><\/div><\/div>\n","protected":false},"excerpt":{"rendered":"","protected":false},"author":2,"featured_media":0,"parent":0,"menu_order":0,"comment_status":"closed","ping_status":"closed","template":"100-width.php","meta":{"_acf_changed":false,"footnotes":""},"class_list":["post-7754","page","type-page","status-publish","hentry"],"acf":[],"yoast_head":"<!-- This site is optimized with the Yoast SEO plugin v27.0 - https:\/\/yoast.com\/product\/yoast-seo-wordpress\/ -->\n<title>Mo\u017enosti pla\u010dila - Natuzzi<\/title>\n<meta name=\"robots\" content=\"index, follow, max-snippet:-1, max-image-preview:large, max-video-preview:-1\" \/>\n<link rel=\"canonical\" href=\"https:\/\/natuzzi.si\/italia\/moznosti-placila\/\" \/>\n<meta property=\"og:locale\" content=\"sl_SI\" \/>\n<meta property=\"og:type\" content=\"article\" \/>\n<meta property=\"og:title\" content=\"Mo\u017enosti pla\u010dila - Natuzzi\" \/>\n<meta property=\"og:url\" content=\"https:\/\/natuzzi.si\/italia\/moznosti-placila\/\" \/>\n<meta property=\"og:site_name\" content=\"Natuzzi\" \/>\n<meta name=\"twitter:card\" content=\"summary_large_image\" \/>\n<meta name=\"twitter:label1\" content=\"Est. reading time\" \/>\n\t<meta name=\"twitter:data1\" content=\"2 minuti\" \/>\n<script type=\"application\/ld+json\" class=\"yoast-schema-graph\">{\"@context\":\"https:\/\/schema.org\",\"@graph\":[{\"@type\":\"WebPage\",\"@id\":\"https:\/\/natuzzi.si\/italia\/moznosti-placila\/\",\"url\":\"https:\/\/natuzzi.si\/italia\/moznosti-placila\/\",\"name\":\"Mo\u017enosti pla\u010dila - Natuzzi\",\"isPartOf\":{\"@id\":\"https:\/\/natuzzi.si\/italia\/#website\"},\"datePublished\":\"2026-01-06T11:51:12+00:00\",\"breadcrumb\":{\"@id\":\"https:\/\/natuzzi.si\/italia\/moznosti-placila\/#breadcrumb\"},\"inLanguage\":\"sl-SI\",\"potentialAction\":[{\"@type\":\"ReadAction\",\"target\":[\"https:\/\/natuzzi.si\/italia\/moznosti-placila\/\"]}]},{\"@type\":\"BreadcrumbList\",\"@id\":\"https:\/\/natuzzi.si\/italia\/moznosti-placila\/#breadcrumb\",\"itemListElement\":[{\"@type\":\"ListItem\",\"position\":1,\"name\":\"Po\u010detna stranica\",\"item\":\"https:\/\/natuzzi.si\/italia\/\"},{\"@type\":\"ListItem\",\"position\":2,\"name\":\"Mo\u017enosti pla\u010dila\"}]},{\"@type\":\"WebSite\",\"@id\":\"https:\/\/natuzzi.si\/italia\/#website\",\"url\":\"https:\/\/natuzzi.si\/italia\/\",\"name\":\"Natuzzi\",\"description\":\"\",\"potentialAction\":[{\"@type\":\"SearchAction\",\"target\":{\"@type\":\"EntryPoint\",\"urlTemplate\":\"https:\/\/natuzzi.si\/italia\/?s={search_term_string}\"},\"query-input\":{\"@type\":\"PropertyValueSpecification\",\"valueRequired\":true,\"valueName\":\"search_term_string\"}}],\"inLanguage\":\"sl-SI\"}]}<\/script>\n<!-- \/ Yoast SEO plugin. -->","yoast_head_json":{"title":"Mo\u017enosti pla\u010dila - Natuzzi","robots":{"index":"index","follow":"follow","max-snippet":"max-snippet:-1","max-image-preview":"max-image-preview:large","max-video-preview":"max-video-preview:-1"},"canonical":"https:\/\/natuzzi.si\/italia\/moznosti-placila\/","og_locale":"sl_SI","og_type":"article","og_title":"Mo\u017enosti pla\u010dila - Natuzzi","og_url":"https:\/\/natuzzi.si\/italia\/moznosti-placila\/","og_site_name":"Natuzzi","twitter_card":"summary_large_image","twitter_misc":{"Est. reading time":"2 minuti"},"schema":{"@context":"https:\/\/schema.org","@graph":[{"@type":"WebPage","@id":"https:\/\/natuzzi.si\/italia\/moznosti-placila\/","url":"https:\/\/natuzzi.si\/italia\/moznosti-placila\/","name":"Mo\u017enosti pla\u010dila - Natuzzi","isPartOf":{"@id":"https:\/\/natuzzi.si\/italia\/#website"},"datePublished":"2026-01-06T11:51:12+00:00","breadcrumb":{"@id":"https:\/\/natuzzi.si\/italia\/moznosti-placila\/#breadcrumb"},"inLanguage":"sl-SI","potentialAction":[{"@type":"ReadAction","target":["https:\/\/natuzzi.si\/italia\/moznosti-placila\/"]}]},{"@type":"BreadcrumbList","@id":"https:\/\/natuzzi.si\/italia\/moznosti-placila\/#breadcrumb","itemListElement":[{"@type":"ListItem","position":1,"name":"Po\u010detna stranica","item":"https:\/\/natuzzi.si\/italia\/"},{"@type":"ListItem","position":2,"name":"Mo\u017enosti pla\u010dila"}]},{"@type":"WebSite","@id":"https:\/\/natuzzi.si\/italia\/#website","url":"https:\/\/natuzzi.si\/italia\/","name":"Natuzzi","description":"","potentialAction":[{"@type":"SearchAction","target":{"@type":"EntryPoint","urlTemplate":"https:\/\/natuzzi.si\/italia\/?s={search_term_string}"},"query-input":{"@type":"PropertyValueSpecification","valueRequired":true,"valueName":"search_term_string"}}],"inLanguage":"sl-SI"}]}},"_links":{"self":[{"href":"https:\/\/natuzzi.si\/italia\/wp-json\/wp\/v2\/pages\/7754","targetHints":{"allow":["GET"]}}],"collection":[{"href":"https:\/\/natuzzi.si\/italia\/wp-json\/wp\/v2\/pages"}],"about":[{"href":"https:\/\/natuzzi.si\/italia\/wp-json\/wp\/v2\/types\/page"}],"author":[{"embeddable":true,"href":"https:\/\/natuzzi.si\/italia\/wp-json\/wp\/v2\/users\/2"}],"replies":[{"embeddable":true,"href":"https:\/\/natuzzi.si\/italia\/wp-json\/wp\/v2\/comments?post=7754"}],"version-history":[{"count":1,"href":"https:\/\/natuzzi.si\/italia\/wp-json\/wp\/v2\/pages\/7754\/revisions"}],"predecessor-version":[{"id":7756,"href":"https:\/\/natuzzi.si\/italia\/wp-json\/wp\/v2\/pages\/7754\/revisions\/7756"}],"wp:attachment":[{"href":"https:\/\/natuzzi.si\/italia\/wp-json\/wp\/v2\/media?parent=7754"}],"curies":[{"name":"wp","href":"https:\/\/api.w.org\/{rel}","templated":true}]}}