{"id":7552,"date":"2025-12-16T12:49:40","date_gmt":"2025-12-16T12:49:40","guid":{"rendered":"https:\/\/natuzzi.si\/italia\/?page_id=7552"},"modified":"2025-12-19T16:18:41","modified_gmt":"2025-12-19T16:18:41","slug":"razlicne-moznosti-sestavljanja-elementov","status":"publish","type":"page","link":"https:\/\/natuzzi.si\/italia\/uporaba-in-vzdrzevanje-izdelka\/razlicne-moznosti-sestavljanja-elementov\/","title":{"rendered":"Razli\u010dne mo\u017enosti sestavljanja elementov"},"content":{"rendered":"<div class=\"fusion-fullwidth fullwidth-box fusion-builder-row-1 fusion-flex-container has-pattern-background has-mask-background na-500-pink-bg-container nonhundred-percent-fullwidth non-hundred-percent-height-scrolling\" style=\"--awb-border-radius-top-left:0px;--awb-border-radius-top-right:0px;--awb-border-radius-bottom-right:0px;--awb-border-radius-bottom-left:0px;--awb-padding-top:180px;--awb-padding-top-small:60px;--awb-flex-wrap:wrap;\" ><div class=\"fusion-builder-row fusion-row fusion-flex-align-items-flex-start fusion-flex-justify-content-center fusion-flex-content-wrap\" style=\"max-width:1788.8px;margin-left: calc(-4% \/ 2 );margin-right: calc(-4% \/ 2 );\"><div class=\"fusion-layout-column fusion_builder_column fusion-builder-column-0 fusion-flex-column\" style=\"--awb-bg-size:cover;--awb-width-large:800px;--awb-margin-top-large:0px;--awb-spacing-right-large:2%;--awb-margin-bottom-large:20px;--awb-spacing-left-large:2%;--awb-width-medium:800px;--awb-order-medium:0;--awb-spacing-right-medium:2%;--awb-spacing-left-medium:2%;--awb-width-small:100%;--awb-order-small:0;--awb-spacing-right-small:1.92%;--awb-spacing-left-small:1.92%;\" data-scroll-devices=\"small-visibility,medium-visibility,large-visibility\"><div class=\"fusion-column-wrapper fusion-column-has-shadow fusion-flex-justify-content-flex-start fusion-content-layout-column\"><div class=\"fusion-title title fusion-title-1 fusion-sep-none fusion-title-text fusion-title-size-one\"><h1 class=\"fusion-title-heading title-heading-left\" style=\"margin:0;\">Razli\u010dne mo\u017enosti sestavljanja elementov<\/h1><\/div><div class=\"fusion-text fusion-text-1\"><p><strong><a href=\"#Razli\u010dne-mo\u017enosti-sestavljanja-elementov\">1. <u> Razli\u010dne mo\u017enosti sestavljanja elementov<\/u><\/a><\/strong><br \/>\n<strong><a href=\"#Navodila-za-sestavo-z-metalnimi-konektorji\">1.1. <u> Navodila za sestavo z metalnimi konektorji<\/u><\/a><\/strong><br \/>\n<strong><a href=\"#Navodila-za-sestavo-s-plasti\u010dnimi-konektorji\">1.2. <u> Navodila za sestavo s plasti\u010dnimi konektorji<\/u><\/a><\/strong><\/p>\n<\/div><div class=\"fusion-image-element \" style=\"--awb-margin-bottom:25px;--awb-caption-title-font-family:var(--h2_typography-font-family);--awb-caption-title-font-weight:var(--h2_typography-font-weight);--awb-caption-title-font-style:var(--h2_typography-font-style);--awb-caption-title-size:var(--h2_typography-font-size);--awb-caption-title-transform:var(--h2_typography-text-transform);--awb-caption-title-line-height:var(--h2_typography-line-height);--awb-caption-title-letter-spacing:var(--h2_typography-letter-spacing);\"><span class=\" fusion-imageframe imageframe-none imageframe-1 hover-type-none\"><img decoding=\"async\" width=\"780\" height=\"4\" title=\"crte\" src=\"https:\/\/natuzzi.si\/italia\/wp-content\/uploads\/2024\/12\/crte.svg\" alt class=\"img-responsive wp-image-3239\"\/><\/span><\/div><div class=\"fusion-title title fusion-title-2 fusion-sep-none fusion-title-text fusion-title-size-four\" id=\"Razli\u010dne-mo\u017enosti-sestavljanja-elementov\"><h4 class=\"fusion-title-heading title-heading-left\" style=\"margin:0;\">Razli\u010dne mo\u017enosti sestavljanja elementov<\/h4><\/div><div class=\"fusion-text fusion-text-2\"><div class=\"post-content pomik\">\n<div>Ve\u010dina Natuzzijevih modelov sede\u017enih garnitur so samostojne sede\u017ene enote, lahko pa se zdru\u017eujejo v\u00a0<a href=\"https:\/\/www.natuzzi.si\/sl\/shop\/sedezne-garniture-in-fotelji\/sedezne-garniture\/\">kotne sede\u017ene garniture<\/a>, odvisno od va\u0161ih \u017eelja, potreb in razpolo\u017eljivega prostora. Kotne garniture so lahko sestavljene iz razli\u010dnih elementov, kot so na primer trosed z levim rokonaslonom, kotni element, enosed itd.<\/div>\n<div><\/div>\n<div><img decoding=\"async\" class=\"alignnone size-full wp-image-7484\" src=\"https:\/\/natuzzi.si\/italia\/wp-content\/uploads\/2025\/12\/componibili_1.gif.pagespeed.ce_.RmjhDNKHe6.gif\" alt=\"\" width=\"207\" height=\"81\" \/><\/div>\n<div><\/div>\n<div>\n<p>Za zdru\u017eevanje posameznih delov garniture se uporabljajo spojni elementi, t. i. konektorji, ki so name\u0161\u010deni na stranskih delih posameznih elementov. Uporaba spojnih elementov oz. monta\u017ea posameznih delov kotne garniture je zelo enostavna, in sicer z:<\/p>\n<p>\u2022 metalnimi ali<br \/>\n\u2022 plasti\u010dnimi konektorji.<\/p>\n<\/div>\n<\/div>\n<\/div><div class=\"fusion-image-element \" style=\"--awb-margin-bottom:25px;--awb-caption-title-font-family:var(--h2_typography-font-family);--awb-caption-title-font-weight:var(--h2_typography-font-weight);--awb-caption-title-font-style:var(--h2_typography-font-style);--awb-caption-title-size:var(--h2_typography-font-size);--awb-caption-title-transform:var(--h2_typography-text-transform);--awb-caption-title-line-height:var(--h2_typography-line-height);--awb-caption-title-letter-spacing:var(--h2_typography-letter-spacing);\"><span class=\" fusion-imageframe imageframe-none imageframe-2 hover-type-none\"><img decoding=\"async\" width=\"780\" height=\"4\" title=\"crte\" src=\"https:\/\/natuzzi.si\/italia\/wp-content\/uploads\/2024\/12\/crte.svg\" alt class=\"img-responsive wp-image-3239\"\/><\/span><\/div><div class=\"fusion-title title fusion-title-3 fusion-sep-none fusion-title-text fusion-title-size-four\" id=\"Navodila-za-sestavo-z-metalnimi-konektorji\"><h4 class=\"fusion-title-heading title-heading-left\" style=\"margin:0;\">Navodila za sestavo z metalnimi konektorji<\/h4><\/div><div class=\"fusion-text fusion-text-3\"><div class=\"post-content pomik\">\n<div class=\"post-content pomik\">\n<div>Konektor pritrdite na levi strani posamezne komponente (1) in ga vstavite v luknjo na desno stran druge komponente (2) .<\/div>\n<div><\/div>\n<div><img decoding=\"async\" class=\"alignnone size-full wp-image-7487\" src=\"https:\/\/natuzzi.si\/italia\/wp-content\/uploads\/2025\/12\/componibili_perno_1.gif\" alt=\"\" width=\"195\" height=\"151\" \/><\/div>\n<div><\/div>\n<div><em>Sestavljanje<\/em><br \/>\nRazporedite komponente drugo zraven druge v polo\u017eaj za sestavo. Naravnajte konektor in ga spojite z delom na drugi komponenti elementa; dobro pritisnite skupaj.<\/div>\n<div><\/div>\n<div><img decoding=\"async\" class=\"alignnone size-full wp-image-7488\" src=\"https:\/\/natuzzi.si\/italia\/wp-content\/uploads\/2025\/12\/componibili_perno_2.gif\" alt=\"\" width=\"236\" height=\"165\" \/><\/div>\n<div><\/div>\n<div><em>Razstavljanje<\/em><br \/>\nDvignite posamezno komponento ob sti\u010di\u0161\u010du z drugo (3) in ju lo\u010dite (4).<\/div>\n<div><\/div>\n<div><img decoding=\"async\" class=\"alignnone size-full wp-image-7489\" src=\"https:\/\/natuzzi.si\/italia\/wp-content\/uploads\/2025\/12\/componibili_perno_3.gif\" alt=\"\" width=\"199\" height=\"294\" \/><\/div>\n<div><\/div>\n<div>\n<p><strong>Opozorilo<\/strong><\/p>\n<ul>\n<li>Ne dvigujte in ne premikajte sede\u017ene garniture, dokler je sestavljena skupaj.<\/li>\n<li><strong>Pri sestavljanju posameznih komponent se natan\u010dno dr\u017eite navodil, ki ste jih prejeli skupaj z va\u0161o\u00a0<a href=\"http:\/\/www.www.natuzzi.si\/sl\/shop\/sedezne-garniture-in-fotelji\/sedezne-garniture\/\">sede\u017eno garnituro<\/a>.<\/strong><\/li>\n<li><strong>Pri garniturah, sestavljenih iz razli\u010dnih elementov, predvsem \u010de so v elemente vklju\u010deni po\u010divalniki, lahko prihaja do manj\u0161ih odstopanj v vi\u0161ini hrbtov<\/strong>.<\/li>\n<\/ul>\n<\/div>\n<div class=\"clearfix\"><\/div>\n<div class=\"post-desc\"><\/div>\n<\/div>\n<\/div>\n<\/div><div class=\"fusion-image-element \" style=\"--awb-margin-bottom:25px;--awb-caption-title-font-family:var(--h2_typography-font-family);--awb-caption-title-font-weight:var(--h2_typography-font-weight);--awb-caption-title-font-style:var(--h2_typography-font-style);--awb-caption-title-size:var(--h2_typography-font-size);--awb-caption-title-transform:var(--h2_typography-text-transform);--awb-caption-title-line-height:var(--h2_typography-line-height);--awb-caption-title-letter-spacing:var(--h2_typography-letter-spacing);\"><span class=\" fusion-imageframe imageframe-none imageframe-3 hover-type-none\"><img decoding=\"async\" width=\"780\" height=\"4\" title=\"crte\" src=\"https:\/\/natuzzi.si\/italia\/wp-content\/uploads\/2024\/12\/crte.svg\" alt class=\"img-responsive wp-image-3239\"\/><\/span><\/div><div class=\"fusion-title title fusion-title-4 fusion-sep-none fusion-title-text fusion-title-size-four\" id=\"Navodila-za-sestavo-s-plasti\u010dnimi-konektorji\"><h4 class=\"fusion-title-heading title-heading-left\" style=\"margin:0;\">Navodila za sestavo s plasti\u010dnimi konektorji<\/h4><\/div><div class=\"fusion-text fusion-text-4\"><div class=\"post-content pomik\">\n<div class=\"post-content pomik\">\n<div class=\"post-content pomik\">\n<div>lasti\u010dni konektor, pritrjen na dnu komponente na levi, vstavite v luknjo na desni strani druge komponente.<\/div>\n<div><\/div>\n<div><img decoding=\"async\" class=\"alignnone size-full wp-image-7491\" src=\"https:\/\/natuzzi.si\/italia\/wp-content\/uploads\/2025\/12\/xcomponibili_staffa_1.gif.pagespeed.ic_.DnEOJY7leT.webp\" alt=\"\" width=\"218\" height=\"136\" srcset=\"https:\/\/natuzzi.si\/italia\/wp-content\/uploads\/2025\/12\/xcomponibili_staffa_1.gif.pagespeed.ic_.DnEOJY7leT-200x125.webp 200w, https:\/\/natuzzi.si\/italia\/wp-content\/uploads\/2025\/12\/xcomponibili_staffa_1.gif.pagespeed.ic_.DnEOJY7leT.webp 218w\" sizes=\"(max-width: 218px) 100vw, 218px\" \/><\/div>\n<div><\/div>\n<div><em>Sestavljanje<\/em><br \/>\nKonektor obrnite proti zunanji strani komponente (3). Poravnajte elemente (4), nato jih zdru\u017eite in se prepri\u010dajte, da so \u010dvrsto povezani.<\/div>\n<div><\/div>\n<div><img decoding=\"async\" class=\"alignnone size-full wp-image-7492\" src=\"https:\/\/natuzzi.si\/italia\/wp-content\/uploads\/2025\/12\/componibili_staffa_2.gif\" alt=\"\" width=\"354\" height=\"129\" \/><\/div>\n<div><\/div>\n<div><em>Razstavljanje<\/em><br \/>\nDvignite (5) in lo\u010dite levo stran komponente (6).<\/div>\n<div><\/div>\n<div><img decoding=\"async\" class=\"alignnone size-full wp-image-7494\" src=\"https:\/\/natuzzi.si\/italia\/wp-content\/uploads\/2025\/12\/componibili_staffa_3.gif\" alt=\"\" width=\"142\" height=\"130\" \/><\/div>\n<div><\/div>\n<div>\n<p><strong>Opozorilo<\/strong><\/p>\n<ul>\n<li>Ne dvigujte in ne premikajte\u00a0<a href=\"https:\/\/www.natuzzi.si\/sl\/shop\/sedezne-garniture-in-fotelji\/sedezne-garniture\/\"><strong>sede\u017ene garniture<\/strong><\/a>, dokler je sestavljena skupaj.<\/li>\n<li><strong>Pri sestavljanju posameznih komponent se natan\u010dno dr\u017eite navodil, ki ste jih prejeli skupaj z va\u0161o garnituro.<\/strong><\/li>\n<li><strong>Prosimo, da ne odstranite nalepke, ki se nahaja na dnu garniture oz. na posameznih elementih, saj vsebuje podatke, ki so vedno pomembni v primeru kakr\u0161nih koli poznej\u0161ih naro\u010dil ali morebitnih reklamacij.<\/strong><\/li>\n<\/ul>\n<\/div>\n<div class=\"clearfix\"><\/div>\n<div class=\"post-desc\"><\/div>\n<\/div>\n<\/div>\n<\/div>\n<\/div><\/div><\/div><\/div><\/div>\n","protected":false},"excerpt":{"rendered":"","protected":false},"author":2,"featured_media":0,"parent":3261,"menu_order":0,"comment_status":"closed","ping_status":"closed","template":"100-width.php","meta":{"_acf_changed":false,"footnotes":""},"class_list":["post-7552","page","type-page","status-publish","hentry"],"acf":[],"yoast_head":"<!-- This site is optimized with the Yoast SEO plugin v27.0 - https:\/\/yoast.com\/product\/yoast-seo-wordpress\/ -->\n<title>Razli\u010dne mo\u017enosti sestavljanja elementov - Natuzzi<\/title>\n<meta name=\"robots\" content=\"index, follow, max-snippet:-1, max-image-preview:large, max-video-preview:-1\" \/>\n<link rel=\"canonical\" href=\"https:\/\/natuzzi.si\/italia\/uporaba-in-vzdrzevanje-izdelka\/razlicne-moznosti-sestavljanja-elementov\/\" \/>\n<meta property=\"og:locale\" content=\"sl_SI\" \/>\n<meta property=\"og:type\" content=\"article\" \/>\n<meta property=\"og:title\" content=\"Razli\u010dne mo\u017enosti sestavljanja elementov - Natuzzi\" \/>\n<meta property=\"og:url\" content=\"https:\/\/natuzzi.si\/italia\/uporaba-in-vzdrzevanje-izdelka\/razlicne-moznosti-sestavljanja-elementov\/\" \/>\n<meta property=\"og:site_name\" content=\"Natuzzi\" \/>\n<meta property=\"article:modified_time\" content=\"2025-12-19T16:18:41+00:00\" \/>\n<meta property=\"og:image\" content=\"https:\/\/natuzzi.si\/italia\/wp-content\/uploads\/2025\/12\/componibili_1.gif.pagespeed.ce_.RmjhDNKHe6.gif\" \/>\n<meta name=\"twitter:card\" content=\"summary_large_image\" \/>\n<meta name=\"twitter:label1\" content=\"Est. reading time\" \/>\n\t<meta name=\"twitter:data1\" content=\"5 minut\" \/>\n<script type=\"application\/ld+json\" class=\"yoast-schema-graph\">{\"@context\":\"https:\/\/schema.org\",\"@graph\":[{\"@type\":\"WebPage\",\"@id\":\"https:\/\/natuzzi.si\/italia\/uporaba-in-vzdrzevanje-izdelka\/razlicne-moznosti-sestavljanja-elementov\/\",\"url\":\"https:\/\/natuzzi.si\/italia\/uporaba-in-vzdrzevanje-izdelka\/razlicne-moznosti-sestavljanja-elementov\/\",\"name\":\"Razli\u010dne mo\u017enosti sestavljanja elementov - Natuzzi\",\"isPartOf\":{\"@id\":\"https:\/\/natuzzi.si\/italia\/#website\"},\"primaryImageOfPage\":{\"@id\":\"https:\/\/natuzzi.si\/italia\/uporaba-in-vzdrzevanje-izdelka\/razlicne-moznosti-sestavljanja-elementov\/#primaryimage\"},\"image\":{\"@id\":\"https:\/\/natuzzi.si\/italia\/uporaba-in-vzdrzevanje-izdelka\/razlicne-moznosti-sestavljanja-elementov\/#primaryimage\"},\"thumbnailUrl\":\"https:\/\/natuzzi.si\/italia\/wp-content\/uploads\/2025\/12\/componibili_1.gif.pagespeed.ce_.RmjhDNKHe6.gif\",\"datePublished\":\"2025-12-16T12:49:40+00:00\",\"dateModified\":\"2025-12-19T16:18:41+00:00\",\"breadcrumb\":{\"@id\":\"https:\/\/natuzzi.si\/italia\/uporaba-in-vzdrzevanje-izdelka\/razlicne-moznosti-sestavljanja-elementov\/#breadcrumb\"},\"inLanguage\":\"sl-SI\",\"potentialAction\":[{\"@type\":\"ReadAction\",\"target\":[\"https:\/\/natuzzi.si\/italia\/uporaba-in-vzdrzevanje-izdelka\/razlicne-moznosti-sestavljanja-elementov\/\"]}]},{\"@type\":\"ImageObject\",\"inLanguage\":\"sl-SI\",\"@id\":\"https:\/\/natuzzi.si\/italia\/uporaba-in-vzdrzevanje-izdelka\/razlicne-moznosti-sestavljanja-elementov\/#primaryimage\",\"url\":\"https:\/\/natuzzi.si\/italia\/wp-content\/uploads\/2025\/12\/componibili_1.gif.pagespeed.ce_.RmjhDNKHe6.gif\",\"contentUrl\":\"https:\/\/natuzzi.si\/italia\/wp-content\/uploads\/2025\/12\/componibili_1.gif.pagespeed.ce_.RmjhDNKHe6.gif\",\"width\":207,\"height\":81},{\"@type\":\"BreadcrumbList\",\"@id\":\"https:\/\/natuzzi.si\/italia\/uporaba-in-vzdrzevanje-izdelka\/razlicne-moznosti-sestavljanja-elementov\/#breadcrumb\",\"itemListElement\":[{\"@type\":\"ListItem\",\"position\":1,\"name\":\"Po\u010detna stranica\",\"item\":\"https:\/\/natuzzi.si\/italia\/\"},{\"@type\":\"ListItem\",\"position\":2,\"name\":\"Uporaba in vzdr\u017eevanje izdelka\",\"item\":\"https:\/\/natuzzi.si\/italia\/uporaba-in-vzdrzevanje-izdelka\/\"},{\"@type\":\"ListItem\",\"position\":3,\"name\":\"Razli\u010dne mo\u017enosti sestavljanja elementov\"}]},{\"@type\":\"WebSite\",\"@id\":\"https:\/\/natuzzi.si\/italia\/#website\",\"url\":\"https:\/\/natuzzi.si\/italia\/\",\"name\":\"Natuzzi\",\"description\":\"\",\"potentialAction\":[{\"@type\":\"SearchAction\",\"target\":{\"@type\":\"EntryPoint\",\"urlTemplate\":\"https:\/\/natuzzi.si\/italia\/?s={search_term_string}\"},\"query-input\":{\"@type\":\"PropertyValueSpecification\",\"valueRequired\":true,\"valueName\":\"search_term_string\"}}],\"inLanguage\":\"sl-SI\"}]}<\/script>\n<!-- \/ Yoast SEO plugin. -->","yoast_head_json":{"title":"Razli\u010dne mo\u017enosti sestavljanja elementov - Natuzzi","robots":{"index":"index","follow":"follow","max-snippet":"max-snippet:-1","max-image-preview":"max-image-preview:large","max-video-preview":"max-video-preview:-1"},"canonical":"https:\/\/natuzzi.si\/italia\/uporaba-in-vzdrzevanje-izdelka\/razlicne-moznosti-sestavljanja-elementov\/","og_locale":"sl_SI","og_type":"article","og_title":"Razli\u010dne mo\u017enosti sestavljanja elementov - Natuzzi","og_url":"https:\/\/natuzzi.si\/italia\/uporaba-in-vzdrzevanje-izdelka\/razlicne-moznosti-sestavljanja-elementov\/","og_site_name":"Natuzzi","article_modified_time":"2025-12-19T16:18:41+00:00","og_image":[{"url":"https:\/\/natuzzi.si\/italia\/wp-content\/uploads\/2025\/12\/componibili_1.gif.pagespeed.ce_.RmjhDNKHe6.gif","type":"","width":"","height":""}],"twitter_card":"summary_large_image","twitter_misc":{"Est. reading time":"5 minut"},"schema":{"@context":"https:\/\/schema.org","@graph":[{"@type":"WebPage","@id":"https:\/\/natuzzi.si\/italia\/uporaba-in-vzdrzevanje-izdelka\/razlicne-moznosti-sestavljanja-elementov\/","url":"https:\/\/natuzzi.si\/italia\/uporaba-in-vzdrzevanje-izdelka\/razlicne-moznosti-sestavljanja-elementov\/","name":"Razli\u010dne mo\u017enosti sestavljanja elementov - Natuzzi","isPartOf":{"@id":"https:\/\/natuzzi.si\/italia\/#website"},"primaryImageOfPage":{"@id":"https:\/\/natuzzi.si\/italia\/uporaba-in-vzdrzevanje-izdelka\/razlicne-moznosti-sestavljanja-elementov\/#primaryimage"},"image":{"@id":"https:\/\/natuzzi.si\/italia\/uporaba-in-vzdrzevanje-izdelka\/razlicne-moznosti-sestavljanja-elementov\/#primaryimage"},"thumbnailUrl":"https:\/\/natuzzi.si\/italia\/wp-content\/uploads\/2025\/12\/componibili_1.gif.pagespeed.ce_.RmjhDNKHe6.gif","datePublished":"2025-12-16T12:49:40+00:00","dateModified":"2025-12-19T16:18:41+00:00","breadcrumb":{"@id":"https:\/\/natuzzi.si\/italia\/uporaba-in-vzdrzevanje-izdelka\/razlicne-moznosti-sestavljanja-elementov\/#breadcrumb"},"inLanguage":"sl-SI","potentialAction":[{"@type":"ReadAction","target":["https:\/\/natuzzi.si\/italia\/uporaba-in-vzdrzevanje-izdelka\/razlicne-moznosti-sestavljanja-elementov\/"]}]},{"@type":"ImageObject","inLanguage":"sl-SI","@id":"https:\/\/natuzzi.si\/italia\/uporaba-in-vzdrzevanje-izdelka\/razlicne-moznosti-sestavljanja-elementov\/#primaryimage","url":"https:\/\/natuzzi.si\/italia\/wp-content\/uploads\/2025\/12\/componibili_1.gif.pagespeed.ce_.RmjhDNKHe6.gif","contentUrl":"https:\/\/natuzzi.si\/italia\/wp-content\/uploads\/2025\/12\/componibili_1.gif.pagespeed.ce_.RmjhDNKHe6.gif","width":207,"height":81},{"@type":"BreadcrumbList","@id":"https:\/\/natuzzi.si\/italia\/uporaba-in-vzdrzevanje-izdelka\/razlicne-moznosti-sestavljanja-elementov\/#breadcrumb","itemListElement":[{"@type":"ListItem","position":1,"name":"Po\u010detna stranica","item":"https:\/\/natuzzi.si\/italia\/"},{"@type":"ListItem","position":2,"name":"Uporaba in vzdr\u017eevanje izdelka","item":"https:\/\/natuzzi.si\/italia\/uporaba-in-vzdrzevanje-izdelka\/"},{"@type":"ListItem","position":3,"name":"Razli\u010dne mo\u017enosti sestavljanja elementov"}]},{"@type":"WebSite","@id":"https:\/\/natuzzi.si\/italia\/#website","url":"https:\/\/natuzzi.si\/italia\/","name":"Natuzzi","description":"","potentialAction":[{"@type":"SearchAction","target":{"@type":"EntryPoint","urlTemplate":"https:\/\/natuzzi.si\/italia\/?s={search_term_string}"},"query-input":{"@type":"PropertyValueSpecification","valueRequired":true,"valueName":"search_term_string"}}],"inLanguage":"sl-SI"}]}},"_links":{"self":[{"href":"https:\/\/natuzzi.si\/italia\/wp-json\/wp\/v2\/pages\/7552","targetHints":{"allow":["GET"]}}],"collection":[{"href":"https:\/\/natuzzi.si\/italia\/wp-json\/wp\/v2\/pages"}],"about":[{"href":"https:\/\/natuzzi.si\/italia\/wp-json\/wp\/v2\/types\/page"}],"author":[{"embeddable":true,"href":"https:\/\/natuzzi.si\/italia\/wp-json\/wp\/v2\/users\/2"}],"replies":[{"embeddable":true,"href":"https:\/\/natuzzi.si\/italia\/wp-json\/wp\/v2\/comments?post=7552"}],"version-history":[{"count":3,"href":"https:\/\/natuzzi.si\/italia\/wp-json\/wp\/v2\/pages\/7552\/revisions"}],"predecessor-version":[{"id":7645,"href":"https:\/\/natuzzi.si\/italia\/wp-json\/wp\/v2\/pages\/7552\/revisions\/7645"}],"up":[{"embeddable":true,"href":"https:\/\/natuzzi.si\/italia\/wp-json\/wp\/v2\/pages\/3261"}],"wp:attachment":[{"href":"https:\/\/natuzzi.si\/italia\/wp-json\/wp\/v2\/media?parent=7552"}],"curies":[{"name":"wp","href":"https:\/\/api.w.org\/{rel}","templated":true}]}}