{"id":7539,"date":"2025-12-16T12:52:42","date_gmt":"2025-12-16T12:52:42","guid":{"rendered":"https:\/\/natuzzi.si\/italia\/?page_id=7539"},"modified":"2025-12-19T16:17:46","modified_gmt":"2025-12-19T16:17:46","slug":"sedezne-garniture-z-lezisci","status":"publish","type":"page","link":"https:\/\/natuzzi.si\/italia\/uporaba-in-vzdrzevanje-izdelka\/sedezne-garniture-z-lezisci\/","title":{"rendered":"Sede\u017ene garniture z le\u017ei\u0161\u010di"},"content":{"rendered":"<div class=\"fusion-fullwidth fullwidth-box fusion-builder-row-1 fusion-flex-container has-pattern-background has-mask-background na-500-pink-bg-container nonhundred-percent-fullwidth non-hundred-percent-height-scrolling\" style=\"--awb-border-radius-top-left:0px;--awb-border-radius-top-right:0px;--awb-border-radius-bottom-right:0px;--awb-border-radius-bottom-left:0px;--awb-padding-top:180px;--awb-padding-top-small:60px;--awb-flex-wrap:wrap;\" ><div class=\"fusion-builder-row fusion-row fusion-flex-align-items-flex-start fusion-flex-justify-content-center fusion-flex-content-wrap\" style=\"max-width:1788.8px;margin-left: calc(-4% \/ 2 );margin-right: calc(-4% \/ 2 );\"><div class=\"fusion-layout-column fusion_builder_column fusion-builder-column-0 fusion-flex-column\" style=\"--awb-bg-size:cover;--awb-width-large:800px;--awb-margin-top-large:0px;--awb-spacing-right-large:2%;--awb-margin-bottom-large:20px;--awb-spacing-left-large:2%;--awb-width-medium:800px;--awb-order-medium:0;--awb-spacing-right-medium:2%;--awb-spacing-left-medium:2%;--awb-width-small:100%;--awb-order-small:0;--awb-spacing-right-small:1.92%;--awb-spacing-left-small:1.92%;\" data-scroll-devices=\"small-visibility,medium-visibility,large-visibility\"><div class=\"fusion-column-wrapper fusion-column-has-shadow fusion-flex-justify-content-flex-start fusion-content-layout-column\"><div class=\"fusion-title title fusion-title-1 fusion-sep-none fusion-title-text fusion-title-size-one\"><h1 class=\"fusion-title-heading title-heading-left\" style=\"margin:0;\">Sede\u017ene garniture z le\u017ei\u0161\u010di<\/h1><\/div><div class=\"fusion-text fusion-text-1\"><p><strong><a href=\"#Sede\u017ene-garniture-z-le\u017ei\u0161\u010di\">1.<u> Sede\u017ene garniture z le\u017ei\u0161\u010di<\/u><\/a><\/strong><\/p>\n<\/div><div class=\"fusion-image-element \" style=\"--awb-margin-bottom:25px;--awb-caption-title-font-family:var(--h2_typography-font-family);--awb-caption-title-font-weight:var(--h2_typography-font-weight);--awb-caption-title-font-style:var(--h2_typography-font-style);--awb-caption-title-size:var(--h2_typography-font-size);--awb-caption-title-transform:var(--h2_typography-text-transform);--awb-caption-title-line-height:var(--h2_typography-line-height);--awb-caption-title-letter-spacing:var(--h2_typography-letter-spacing);\"><span class=\" fusion-imageframe imageframe-none imageframe-1 hover-type-none\"><img decoding=\"async\" width=\"780\" height=\"4\" title=\"crte\" src=\"https:\/\/natuzzi.si\/italia\/wp-content\/uploads\/2024\/12\/crte.svg\" alt class=\"img-responsive wp-image-3239\"\/><\/span><\/div><div class=\"fusion-title title fusion-title-2 fusion-sep-none fusion-title-text fusion-title-size-four\" id=\"Sede\u017ene-garniture-z-le\u017ei\u0161\u010di\"><h4 class=\"fusion-title-heading title-heading-left\" style=\"margin:0;\">Sede\u017ene garniture z le\u017ei\u0161\u010di<\/h4><\/div><div class=\"fusion-text fusion-text-2\"><div class=\"post-content pomik\">\n<div>\n<p><em>Dvo- in trizlo\u017eni sistem le\u017ei\u0161\u010d<\/em><br \/>\n\u010ce ste kupili\u00a0<a href=\"https:\/\/www.natuzzi.si\/sl\/shop\/sedezne-garniture-in-fotelji\/sedezne-garniture-z-lezisci\/\">sede\u017eno garnituro z le\u017ei\u0161\u010dem<\/a>, se prosimo dr\u017eite na\u0161ega nasveta za odpiranje in pospravljanje le\u017ei\u0161\u010da. Pred uporabo prere\u017eite trak, ki se nahaja na spodnjem delu mehanizma.<\/p>\n<p><em>Uporaba<\/em><\/p>\n<p><strong>Odpiranje dvozlo\u017enega sistema le\u017ei\u0161\u010da (samo nekateri modeli)<\/strong><br \/>\n\u2022 Odstranite sedalne blazine.<br \/>\n\u2022 Odprite mehanizem z dvigom sprednje dvi\u017ene letve, dokler se ne sprosti spodnja noga.<\/p>\n<\/div>\n<div><\/div>\n<div><img decoding=\"async\" class=\"alignnone size-full wp-image-7461\" src=\"https:\/\/natuzzi.si\/italia\/wp-content\/uploads\/2025\/12\/letto_1.gif\" alt=\"\" width=\"123\" height=\"110\" \/><\/div>\n<div><\/div>\n<div>\u2022 Dvignite drugo pre\u010dno letev in jo ne\u017eno polo\u017eite na tla.<\/div>\n<div><\/div>\n<div><img decoding=\"async\" class=\"alignnone size-full wp-image-7462\" src=\"https:\/\/natuzzi.si\/italia\/wp-content\/uploads\/2025\/12\/letto_2.gif\" alt=\"\" width=\"151\" height=\"116\" \/><\/div>\n<div><\/div>\n<div>\u2022 Po \u017eelji lahko pri tem tipu mehanizma dvignete tudi vzglavnik do vi\u0161ine, ko zasli\u0161ite rahel klik. Za sprostitev vzglavnik preprosto malce dvignite, mehanizem se bo sprostil, in nato ne\u017eno spustite.<\/div>\n<div><\/div>\n<div><img decoding=\"async\" class=\"alignnone size-full wp-image-7463\" src=\"https:\/\/natuzzi.si\/italia\/wp-content\/uploads\/2025\/12\/letto_3.gif\" alt=\"\" width=\"133\" height=\"93\" \/><\/div>\n<div><\/div>\n<div>\n<p>\u2022 Le\u017ei\u0161\u010de pospravite v obratnem vrstnem redu, pri \u010demer dvi\u017eno letev dr\u017eite v sredini. Na koncu namestite \u0161e sedalne blazine.<\/p>\n<p><strong>Odpiranje trizlo\u017enega sistema le\u017ei\u0161\u010da<\/strong><br \/>\n\u2022 S sede\u017ene garniture odstranite sedalne blazine.<br \/>\n\u2022 Odprite mehanizem z dvigom sprednje dvi\u017ene letve do roba. Za odpiranje prve polovice le\u017ei\u0161\u010da dvignite drugo dvi\u017eno letev, dokler se ta ne dotakne tal.<\/p>\n<\/div>\n<div><\/div>\n<div><img decoding=\"async\" class=\"alignnone size-full wp-image-7464\" src=\"https:\/\/natuzzi.si\/italia\/wp-content\/uploads\/2025\/12\/letto_4.gif\" alt=\"\" width=\"354\" height=\"134\" \/><\/div>\n<div><\/div>\n<div>\u2022 Za dokon\u010dno postavitev dvignite tretjo dvi\u017eno letev in jo postavite na tla.<\/div>\n<div><\/div>\n<div><img decoding=\"async\" class=\"alignnone size-full wp-image-7465\" src=\"https:\/\/natuzzi.si\/italia\/wp-content\/uploads\/2025\/12\/letto_5.gif\" alt=\"\" width=\"163\" height=\"116\" \/><\/div>\n<div><\/div>\n<div>\n<p>\u2022 Le\u017ei\u0161\u010de pospravite v obratnem vrstnem redu, pri \u010demer dvi\u017eno letev dr\u017eite v sredini. Na koncu namestite \u0161e sedalne blazine.<\/p>\n<p><strong>Opozorilo<\/strong><br \/>\n\u2022 Pred uporabo prere\u017eite varnostni trak, ki se nahaja na spodnjem delu mehanizma.<\/p>\n<p>\u2022 Odstranite polistirenski vlo\u017eek, ki prepre\u010duje premikanje posteljnih vzmeti med transportom.<br \/>\n\u2022 Mehanizma ne \u010distite s topili; zadostuje \u017ee vla\u017ena krpa.<br \/>\n\u2022 Ne dovolite otrokom, da bi se igrali z mehanizmom.<br \/>\n\u2022 Preden zaprete posteljo, pospravite posteljnino in pokrivala.<br \/>\n\u2022 Izogibajte se sedenju na vzglavnem in vzno\u017enem delu in skakanju, saj ob morebitnih nastalih po\u0161kodbah ne morete uveljavljati garancije.<br \/>\n\u2022\u00a0<strong>Sede\u017ene garniture Natuzzi<\/strong>\u00a0z le\u017ei\u0161\u010di naj vam slu\u017eijo le kot pomo\u017eno le\u017ei\u0161\u010de, saj niso zasnovane kot le\u017ei\u0161\u010de za vsakodnevno uporabo.<br \/>\n\u2022 Kakovost sedenja na garniturah z vgrajenim le\u017ei\u0161\u010dem je nekoliko slab\u0161a zaradi pomanjkanja prostora pri izgradnji obi\u010dajnega vzmetenja.<\/p>\n<\/div>\n<\/div>\n<div><\/div>\n<div><img decoding=\"async\" class=\"alignnone size-full wp-image-7466\" src=\"https:\/\/natuzzi.si\/italia\/wp-content\/uploads\/2025\/12\/letto_6.gif\" alt=\"\" width=\"176\" height=\"131\" \/><\/div>\n<\/div><\/div><\/div><\/div><\/div>\n","protected":false},"excerpt":{"rendered":"","protected":false},"author":2,"featured_media":0,"parent":3261,"menu_order":0,"comment_status":"closed","ping_status":"closed","template":"100-width.php","meta":{"_acf_changed":false,"footnotes":""},"class_list":["post-7539","page","type-page","status-publish","hentry"],"acf":[],"yoast_head":"<!-- This site is optimized with the Yoast SEO plugin v27.0 - https:\/\/yoast.com\/product\/yoast-seo-wordpress\/ -->\n<title>Sede\u017ene garniture z le\u017ei\u0161\u010di - Natuzzi<\/title>\n<meta name=\"robots\" content=\"index, follow, max-snippet:-1, max-image-preview:large, max-video-preview:-1\" \/>\n<link rel=\"canonical\" href=\"https:\/\/natuzzi.si\/italia\/uporaba-in-vzdrzevanje-izdelka\/sedezne-garniture-z-lezisci\/\" \/>\n<meta property=\"og:locale\" content=\"sl_SI\" \/>\n<meta property=\"og:type\" content=\"article\" \/>\n<meta property=\"og:title\" content=\"Sede\u017ene garniture z le\u017ei\u0161\u010di - Natuzzi\" \/>\n<meta property=\"og:url\" content=\"https:\/\/natuzzi.si\/italia\/uporaba-in-vzdrzevanje-izdelka\/sedezne-garniture-z-lezisci\/\" \/>\n<meta property=\"og:site_name\" content=\"Natuzzi\" \/>\n<meta property=\"article:modified_time\" content=\"2025-12-19T16:17:46+00:00\" \/>\n<meta property=\"og:image\" content=\"https:\/\/natuzzi.si\/italia\/wp-content\/uploads\/2025\/12\/letto_1.gif\" \/>\n<meta name=\"twitter:card\" content=\"summary_large_image\" \/>\n<meta name=\"twitter:label1\" content=\"Est. reading time\" \/>\n\t<meta name=\"twitter:data1\" content=\"4 minute\" \/>\n<script type=\"application\/ld+json\" class=\"yoast-schema-graph\">{\"@context\":\"https:\/\/schema.org\",\"@graph\":[{\"@type\":\"WebPage\",\"@id\":\"https:\/\/natuzzi.si\/italia\/uporaba-in-vzdrzevanje-izdelka\/sedezne-garniture-z-lezisci\/\",\"url\":\"https:\/\/natuzzi.si\/italia\/uporaba-in-vzdrzevanje-izdelka\/sedezne-garniture-z-lezisci\/\",\"name\":\"Sede\u017ene garniture z le\u017ei\u0161\u010di - Natuzzi\",\"isPartOf\":{\"@id\":\"https:\/\/natuzzi.si\/italia\/#website\"},\"primaryImageOfPage\":{\"@id\":\"https:\/\/natuzzi.si\/italia\/uporaba-in-vzdrzevanje-izdelka\/sedezne-garniture-z-lezisci\/#primaryimage\"},\"image\":{\"@id\":\"https:\/\/natuzzi.si\/italia\/uporaba-in-vzdrzevanje-izdelka\/sedezne-garniture-z-lezisci\/#primaryimage\"},\"thumbnailUrl\":\"https:\/\/natuzzi.si\/italia\/wp-content\/uploads\/2025\/12\/letto_1.gif\",\"datePublished\":\"2025-12-16T12:52:42+00:00\",\"dateModified\":\"2025-12-19T16:17:46+00:00\",\"breadcrumb\":{\"@id\":\"https:\/\/natuzzi.si\/italia\/uporaba-in-vzdrzevanje-izdelka\/sedezne-garniture-z-lezisci\/#breadcrumb\"},\"inLanguage\":\"sl-SI\",\"potentialAction\":[{\"@type\":\"ReadAction\",\"target\":[\"https:\/\/natuzzi.si\/italia\/uporaba-in-vzdrzevanje-izdelka\/sedezne-garniture-z-lezisci\/\"]}]},{\"@type\":\"ImageObject\",\"inLanguage\":\"sl-SI\",\"@id\":\"https:\/\/natuzzi.si\/italia\/uporaba-in-vzdrzevanje-izdelka\/sedezne-garniture-z-lezisci\/#primaryimage\",\"url\":\"https:\/\/natuzzi.si\/italia\/wp-content\/uploads\/2025\/12\/letto_1.gif\",\"contentUrl\":\"https:\/\/natuzzi.si\/italia\/wp-content\/uploads\/2025\/12\/letto_1.gif\",\"width\":123,\"height\":110},{\"@type\":\"BreadcrumbList\",\"@id\":\"https:\/\/natuzzi.si\/italia\/uporaba-in-vzdrzevanje-izdelka\/sedezne-garniture-z-lezisci\/#breadcrumb\",\"itemListElement\":[{\"@type\":\"ListItem\",\"position\":1,\"name\":\"Po\u010detna stranica\",\"item\":\"https:\/\/natuzzi.si\/italia\/\"},{\"@type\":\"ListItem\",\"position\":2,\"name\":\"Uporaba in vzdr\u017eevanje izdelka\",\"item\":\"https:\/\/natuzzi.si\/italia\/uporaba-in-vzdrzevanje-izdelka\/\"},{\"@type\":\"ListItem\",\"position\":3,\"name\":\"Sede\u017ene garniture z le\u017ei\u0161\u010di\"}]},{\"@type\":\"WebSite\",\"@id\":\"https:\/\/natuzzi.si\/italia\/#website\",\"url\":\"https:\/\/natuzzi.si\/italia\/\",\"name\":\"Natuzzi\",\"description\":\"\",\"potentialAction\":[{\"@type\":\"SearchAction\",\"target\":{\"@type\":\"EntryPoint\",\"urlTemplate\":\"https:\/\/natuzzi.si\/italia\/?s={search_term_string}\"},\"query-input\":{\"@type\":\"PropertyValueSpecification\",\"valueRequired\":true,\"valueName\":\"search_term_string\"}}],\"inLanguage\":\"sl-SI\"}]}<\/script>\n<!-- \/ Yoast SEO plugin. -->","yoast_head_json":{"title":"Sede\u017ene garniture z le\u017ei\u0161\u010di - Natuzzi","robots":{"index":"index","follow":"follow","max-snippet":"max-snippet:-1","max-image-preview":"max-image-preview:large","max-video-preview":"max-video-preview:-1"},"canonical":"https:\/\/natuzzi.si\/italia\/uporaba-in-vzdrzevanje-izdelka\/sedezne-garniture-z-lezisci\/","og_locale":"sl_SI","og_type":"article","og_title":"Sede\u017ene garniture z le\u017ei\u0161\u010di - Natuzzi","og_url":"https:\/\/natuzzi.si\/italia\/uporaba-in-vzdrzevanje-izdelka\/sedezne-garniture-z-lezisci\/","og_site_name":"Natuzzi","article_modified_time":"2025-12-19T16:17:46+00:00","og_image":[{"url":"https:\/\/natuzzi.si\/italia\/wp-content\/uploads\/2025\/12\/letto_1.gif","type":"","width":"","height":""}],"twitter_card":"summary_large_image","twitter_misc":{"Est. reading time":"4 minute"},"schema":{"@context":"https:\/\/schema.org","@graph":[{"@type":"WebPage","@id":"https:\/\/natuzzi.si\/italia\/uporaba-in-vzdrzevanje-izdelka\/sedezne-garniture-z-lezisci\/","url":"https:\/\/natuzzi.si\/italia\/uporaba-in-vzdrzevanje-izdelka\/sedezne-garniture-z-lezisci\/","name":"Sede\u017ene garniture z le\u017ei\u0161\u010di - Natuzzi","isPartOf":{"@id":"https:\/\/natuzzi.si\/italia\/#website"},"primaryImageOfPage":{"@id":"https:\/\/natuzzi.si\/italia\/uporaba-in-vzdrzevanje-izdelka\/sedezne-garniture-z-lezisci\/#primaryimage"},"image":{"@id":"https:\/\/natuzzi.si\/italia\/uporaba-in-vzdrzevanje-izdelka\/sedezne-garniture-z-lezisci\/#primaryimage"},"thumbnailUrl":"https:\/\/natuzzi.si\/italia\/wp-content\/uploads\/2025\/12\/letto_1.gif","datePublished":"2025-12-16T12:52:42+00:00","dateModified":"2025-12-19T16:17:46+00:00","breadcrumb":{"@id":"https:\/\/natuzzi.si\/italia\/uporaba-in-vzdrzevanje-izdelka\/sedezne-garniture-z-lezisci\/#breadcrumb"},"inLanguage":"sl-SI","potentialAction":[{"@type":"ReadAction","target":["https:\/\/natuzzi.si\/italia\/uporaba-in-vzdrzevanje-izdelka\/sedezne-garniture-z-lezisci\/"]}]},{"@type":"ImageObject","inLanguage":"sl-SI","@id":"https:\/\/natuzzi.si\/italia\/uporaba-in-vzdrzevanje-izdelka\/sedezne-garniture-z-lezisci\/#primaryimage","url":"https:\/\/natuzzi.si\/italia\/wp-content\/uploads\/2025\/12\/letto_1.gif","contentUrl":"https:\/\/natuzzi.si\/italia\/wp-content\/uploads\/2025\/12\/letto_1.gif","width":123,"height":110},{"@type":"BreadcrumbList","@id":"https:\/\/natuzzi.si\/italia\/uporaba-in-vzdrzevanje-izdelka\/sedezne-garniture-z-lezisci\/#breadcrumb","itemListElement":[{"@type":"ListItem","position":1,"name":"Po\u010detna stranica","item":"https:\/\/natuzzi.si\/italia\/"},{"@type":"ListItem","position":2,"name":"Uporaba in vzdr\u017eevanje izdelka","item":"https:\/\/natuzzi.si\/italia\/uporaba-in-vzdrzevanje-izdelka\/"},{"@type":"ListItem","position":3,"name":"Sede\u017ene garniture z le\u017ei\u0161\u010di"}]},{"@type":"WebSite","@id":"https:\/\/natuzzi.si\/italia\/#website","url":"https:\/\/natuzzi.si\/italia\/","name":"Natuzzi","description":"","potentialAction":[{"@type":"SearchAction","target":{"@type":"EntryPoint","urlTemplate":"https:\/\/natuzzi.si\/italia\/?s={search_term_string}"},"query-input":{"@type":"PropertyValueSpecification","valueRequired":true,"valueName":"search_term_string"}}],"inLanguage":"sl-SI"}]}},"_links":{"self":[{"href":"https:\/\/natuzzi.si\/italia\/wp-json\/wp\/v2\/pages\/7539","targetHints":{"allow":["GET"]}}],"collection":[{"href":"https:\/\/natuzzi.si\/italia\/wp-json\/wp\/v2\/pages"}],"about":[{"href":"https:\/\/natuzzi.si\/italia\/wp-json\/wp\/v2\/types\/page"}],"author":[{"embeddable":true,"href":"https:\/\/natuzzi.si\/italia\/wp-json\/wp\/v2\/users\/2"}],"replies":[{"embeddable":true,"href":"https:\/\/natuzzi.si\/italia\/wp-json\/wp\/v2\/comments?post=7539"}],"version-history":[{"count":3,"href":"https:\/\/natuzzi.si\/italia\/wp-json\/wp\/v2\/pages\/7539\/revisions"}],"predecessor-version":[{"id":7643,"href":"https:\/\/natuzzi.si\/italia\/wp-json\/wp\/v2\/pages\/7539\/revisions\/7643"}],"up":[{"embeddable":true,"href":"https:\/\/natuzzi.si\/italia\/wp-json\/wp\/v2\/pages\/3261"}],"wp:attachment":[{"href":"https:\/\/natuzzi.si\/italia\/wp-json\/wp\/v2\/media?parent=7539"}],"curies":[{"name":"wp","href":"https:\/\/api.w.org\/{rel}","templated":true}]}}