{"id":7527,"date":"2025-12-16T12:51:08","date_gmt":"2025-12-16T12:51:08","guid":{"rendered":"https:\/\/natuzzi.si\/italia\/?page_id=7527"},"modified":"2025-12-19T16:16:30","modified_gmt":"2025-12-19T16:16:30","slug":"sedezne-garniture-s-snemljivimi-prevlekami","status":"publish","type":"page","link":"https:\/\/natuzzi.si\/italia\/uporaba-in-vzdrzevanje-izdelka\/sedezne-garniture-s-snemljivimi-prevlekami\/","title":{"rendered":"Sede\u017ene garniture s snemljivimi prevlekami"},"content":{"rendered":"<div class=\"fusion-fullwidth fullwidth-box fusion-builder-row-1 fusion-flex-container has-pattern-background has-mask-background na-500-pink-bg-container nonhundred-percent-fullwidth non-hundred-percent-height-scrolling\" style=\"--awb-border-radius-top-left:0px;--awb-border-radius-top-right:0px;--awb-border-radius-bottom-right:0px;--awb-border-radius-bottom-left:0px;--awb-padding-top:180px;--awb-padding-top-small:60px;--awb-flex-wrap:wrap;\" ><div class=\"fusion-builder-row fusion-row fusion-flex-align-items-flex-start fusion-flex-justify-content-center fusion-flex-content-wrap\" style=\"max-width:1788.8px;margin-left: calc(-4% \/ 2 );margin-right: calc(-4% \/ 2 );\"><div class=\"fusion-layout-column fusion_builder_column fusion-builder-column-0 fusion-flex-column\" style=\"--awb-bg-size:cover;--awb-width-large:800px;--awb-margin-top-large:0px;--awb-spacing-right-large:2%;--awb-margin-bottom-large:20px;--awb-spacing-left-large:2%;--awb-width-medium:800px;--awb-order-medium:0;--awb-spacing-right-medium:2%;--awb-spacing-left-medium:2%;--awb-width-small:100%;--awb-order-small:0;--awb-spacing-right-small:1.92%;--awb-spacing-left-small:1.92%;\" data-scroll-devices=\"small-visibility,medium-visibility,large-visibility\"><div class=\"fusion-column-wrapper fusion-column-has-shadow fusion-flex-justify-content-flex-start fusion-content-layout-column\"><div class=\"fusion-title title fusion-title-1 fusion-sep-none fusion-title-text fusion-title-size-one\"><h1 class=\"fusion-title-heading title-heading-left\" style=\"margin:0;\">Sede\u017ene garniture s snemljivimi prevlekami<\/h1><\/div><div class=\"fusion-text fusion-text-1\"><p><strong><a href=\"#Sede\u017ene-garniture-s-snemljivimi-prevlekami\">1.<u> Sede\u017ene garniture s snemljivimi prevlekami<\/u><\/a><\/strong><br \/>\n<strong><a href=\"#Navodila-za-snemanje-prevleke\">1.1.<u> Navodila za snemanje prevleke<\/u><\/a><\/strong><br \/>\n<strong><a href=\"#Navodila-za-obla\u010denje-prevleke\">1.2.<u> Navodila za obla\u010denje prevleke<\/u><\/a><\/strong><\/p>\n<\/div><div class=\"fusion-image-element \" style=\"--awb-margin-bottom:25px;--awb-caption-title-font-family:var(--h2_typography-font-family);--awb-caption-title-font-weight:var(--h2_typography-font-weight);--awb-caption-title-font-style:var(--h2_typography-font-style);--awb-caption-title-size:var(--h2_typography-font-size);--awb-caption-title-transform:var(--h2_typography-text-transform);--awb-caption-title-line-height:var(--h2_typography-line-height);--awb-caption-title-letter-spacing:var(--h2_typography-letter-spacing);\"><span class=\" fusion-imageframe imageframe-none imageframe-1 hover-type-none\"><img decoding=\"async\" width=\"780\" height=\"4\" title=\"crte\" src=\"https:\/\/natuzzi.si\/italia\/wp-content\/uploads\/2024\/12\/crte.svg\" alt class=\"img-responsive wp-image-3239\"\/><\/span><\/div><div class=\"fusion-title title fusion-title-2 fusion-sep-none fusion-title-text fusion-title-size-four\" id=\"Sede\u017ene-garniture-s-snemljivimi-prevlekami\"><h4 class=\"fusion-title-heading title-heading-left\" style=\"margin:0;\">Sede\u017ene garniture s snemljivimi prevlekami<\/h4><\/div><div class=\"fusion-text fusion-text-2\"><p><strong>Zna\u010dilnosti izdelka<\/strong><br \/>\nSede\u017ene garniture s snemljivimi prevlekami\u00a0so zasnovane tako, da se prevleke enostavno snamejo, \u010de jih \u017eelite oprati. Posebna pozornost, ki jo namenjamo na\u0161im kupcem, in na\u0161e odli\u010dne storitve so \u0161e posebej razvidne pri tej liniji izdelkov, ki jo zaznamujejo naslednji detajli:<\/p>\n<p>\u2022 Tkanine skrbno izberemo tako, da ostanejo njihove tehni\u010dne in estetske zna\u010dilnosti nespremenjene tudi po ve\u010dkratnem pranju.<br \/>\n\u2022 Blazine in sama konstrukcija sede\u017ene garniture so oblazinjene z prakti\u010dnim materialom, ki omogo\u010da la\u017eje pritrjevanje prevlek z Velcro je\u017ekom.<br \/>\n\u2022 Nogice imajo posebno re\u017eo, kamor zavihate prevleko in jo temu primerno pritrdite na sam okvir garniture z Velcro je\u017ekom. Nogica na ta na\u010din ostane vidna na vseh vogalih garniture.<br \/>\n\u2022 Sede\u017ena garnitura je na vogalih oblazinjena s posebnim materialom, ki zagotavlja la\u017eje pritrjevanje prevleke na dno sede\u017ene garniture v re\u017eo pri nogici<strong>.<\/strong><br \/>\n\u2022 Model s snemljivo prevleko se od enakega modela z nesnemljivo prevleko lahko nekoliko razlikuje v \u0161ivih, vi\u0161ini in nekaterih drugih detajlih.<\/p>\n<p><em>Na\u010dini pranja<\/em><\/p>\n<p><strong>Suho pranje<\/strong><br \/>\nNa\u0161e tkanine se lahko suho perejo, pri \u010demer se uporabljajo organska topila, ki zagotavljajo enak u\u010dinek \u010di\u0161\u010denja kot pri mokrem pranju (pranje z vodo). Kljub temu priporo\u010damo, da prevleke odnesete v kemi\u010dno \u010distilnico.<br \/>\nTa proces se deli na tri faze, in sicer na \u010di\u0161\u010denje, izpiranje in su\u0161enje. Po pranju je nujno, da se prevleka lika v skladu z navodili za likanje, ki se nahajajo na etiketi.<\/p>\n<p><strong>Mokro pranje<\/strong><br \/>\nPri tej vrsti \u010di\u0161\u010denja se uporablja voda. Proces se deli na tri faze, in sicer na \u010di\u0161\u010denje, izpiranje in su\u0161enje. Pri mokrem pranju je treba biti pozoren na maksimalno temperaturo, ki je dolo\u010dena na etiketi. Po pranju je nujno, da se prevleka lika v skladu z navodili za likanje, ki se nahajajo na etiketi..<\/p>\n<p><strong>Opozorilo<\/strong><br \/>\n\u2022\u00a0<strong>Tkanin, za katere je predvideno izklju\u010dno suho \u010di\u0161\u010denje, ne smete pod nobenim pogojem prati v vodi. V nasprotnem primeru lahko pride do trajnih po\u0161kodb prevleke.<\/strong><\/p>\n<\/div><div class=\"fusion-image-element \" style=\"--awb-margin-bottom:25px;--awb-caption-title-font-family:var(--h2_typography-font-family);--awb-caption-title-font-weight:var(--h2_typography-font-weight);--awb-caption-title-font-style:var(--h2_typography-font-style);--awb-caption-title-size:var(--h2_typography-font-size);--awb-caption-title-transform:var(--h2_typography-text-transform);--awb-caption-title-line-height:var(--h2_typography-line-height);--awb-caption-title-letter-spacing:var(--h2_typography-letter-spacing);\"><span class=\" fusion-imageframe imageframe-none imageframe-2 hover-type-none\"><img decoding=\"async\" width=\"780\" height=\"4\" title=\"crte\" src=\"https:\/\/natuzzi.si\/italia\/wp-content\/uploads\/2024\/12\/crte.svg\" alt class=\"img-responsive wp-image-3239\"\/><\/span><\/div><div class=\"fusion-title title fusion-title-3 fusion-sep-none fusion-title-text fusion-title-size-four\" id=\"Navodila-za-snemanje-prevleke\"><h4 class=\"fusion-title-heading title-heading-left\" style=\"margin:0;\">Navodila za snemanje prevleke<\/h4><\/div><div class=\"fusion-text fusion-text-3\"><p><strong>Faza 1:<\/strong><br \/>\n\u010ce ima va\u0161 model\u00a0<a href=\"https:\/\/www.natuzzi.si\/sl\/shop\/sedezne-garniture-in-fotelji\/sedezne-garniture\/\"><strong>sede\u017ene garniture<\/strong><\/a>\u00a0ob robu pritrjene dekorativne dodatke, kot so trakci, pentlje ali druge lesene dodatke (A), morate najprej odstraniti te.<\/p>\n<p><img decoding=\"async\" class=\"alignnone size-full wp-image-7430\" src=\"https:\/\/natuzzi.si\/italia\/wp-content\/uploads\/2025\/12\/xsfoderabili_svestire_1.gif.pagespeed.ic_.BeX6gqMQsX.webp\" alt=\"\" width=\"206\" height=\"194\" srcset=\"https:\/\/natuzzi.si\/italia\/wp-content\/uploads\/2025\/12\/xsfoderabili_svestire_1.gif.pagespeed.ic_.BeX6gqMQsX-200x188.webp 200w, https:\/\/natuzzi.si\/italia\/wp-content\/uploads\/2025\/12\/xsfoderabili_svestire_1.gif.pagespeed.ic_.BeX6gqMQsX.webp 206w\" sizes=\"(max-width: 206px) 100vw, 206px\" \/><\/p>\n<p><strong>Faza 2:<\/strong><br \/>\nPoberite blazine s\u00a0<strong>sede\u017ene garniture<\/strong>, odpnite zadrgo in snemite prevleko z njih (B).<\/p>\n<p><img decoding=\"async\" class=\"alignnone size-full wp-image-7431\" src=\"https:\/\/natuzzi.si\/italia\/wp-content\/uploads\/2025\/12\/sfoderabili_svestire_2.gif\" alt=\"\" width=\"180\" height=\"147\" \/><\/p>\n<p><strong>Faza 3:<\/strong><br \/>\nOdpnite zadrgo, ki se ponavadi nahaja na hrbtni strani\u00a0<strong>sede\u017ene garniture\u00a0<\/strong>(C). \u010ce so noge name\u0161\u010dene ob robu garniture, previdno izvlecite zataknjeno prevleko iz brazde pri nogah (D).<\/p>\n<p><img decoding=\"async\" class=\"alignnone size-full wp-image-7432\" src=\"https:\/\/natuzzi.si\/italia\/wp-content\/uploads\/2025\/12\/sfoderabili_svestire_3.gif\" alt=\"\" width=\"183\" height=\"219\" \/><\/p>\n<p><strong>Faza 4:<\/strong><br \/>\nOdlepite Velcro in za\u010dnite sukati prevleko ob robu zofe,\u00a0<strong>za\u010den\u0161i pri kotih,\u00a0<\/strong>pri \u010demer zavarujte robove z varovalnim trakom.\u00a0<strong>Pazljivo obra\u010dajte prevleko, da ne bi po\u0161kodovali \u0161ivov.<\/strong>\u00a0Ponovite isti postopek na vseh notranjih vogalih sede\u017ene garniture (F in G).<\/p>\n<p><img decoding=\"async\" class=\"alignnone size-full wp-image-7433\" src=\"https:\/\/natuzzi.si\/italia\/wp-content\/uploads\/2025\/12\/sfoderabili_svestire_4.gif\" alt=\"\" width=\"194\" height=\"262\" \/><\/p>\n<p><strong>Faza 5:<\/strong><br \/>\nprevleko za\u010dnite previdno snemati ob kotih \u2013 postopoma dvigujte prevleko po nekaj centimetrov zdaj na enem, zdaj na drugem kotu zofe in na koncu odstranite celotno prevleko.<\/p>\n<p><img decoding=\"async\" class=\"alignnone size-full wp-image-7434\" src=\"https:\/\/natuzzi.si\/italia\/wp-content\/uploads\/2025\/12\/sfoderabili_svestire_5.gif\" alt=\"\" width=\"182\" height=\"183\" \/><\/p>\n<p><strong>Opozorilo<\/strong><\/p>\n<ul>\n<li>Varovalnega traku ne smete odstraniti niti med pranjem!<\/li>\n<\/ul>\n<p><strong>Varovalni trak se odstrani le v primeru, ko zofo na novo oble\u010dete in ga shranite za nadaljnja pranja.<\/strong><\/p>\n<\/div><div class=\"fusion-image-element \" style=\"--awb-margin-bottom:25px;--awb-caption-title-font-family:var(--h2_typography-font-family);--awb-caption-title-font-weight:var(--h2_typography-font-weight);--awb-caption-title-font-style:var(--h2_typography-font-style);--awb-caption-title-size:var(--h2_typography-font-size);--awb-caption-title-transform:var(--h2_typography-text-transform);--awb-caption-title-line-height:var(--h2_typography-line-height);--awb-caption-title-letter-spacing:var(--h2_typography-letter-spacing);\"><span class=\" fusion-imageframe imageframe-none imageframe-3 hover-type-none\"><img decoding=\"async\" width=\"780\" height=\"4\" title=\"crte\" src=\"https:\/\/natuzzi.si\/italia\/wp-content\/uploads\/2024\/12\/crte.svg\" alt class=\"img-responsive wp-image-3239\"\/><\/span><\/div><div class=\"fusion-title title fusion-title-4 fusion-sep-none fusion-title-text fusion-title-size-four\" id=\"Navodila-za-obla\u010denje-prevleke\"><h4 class=\"fusion-title-heading title-heading-left\" style=\"margin:0;\">Navodila za obla\u010denje prevleke<\/h4><\/div><div class=\"fusion-text fusion-text-4\"><p><strong>Faza 1:<\/strong><br \/>\nPrevleko polo\u017eite na hrbti\u0161\u010de in rokonaslona, pri \u010demer pazite, da so \u0161ivi poravnani s kotom zofe. Prevleko raztegujte od zadnje proti prednji strani\u00a0<a href=\"https:\/\/www.natuzzi.si\/sl\/shop\/sedezne-garniture-in-fotelji\/sedezne-garniture\/\">zofe<\/a>, dokler zofa ni v celoti prekrita. Nato zaprite zadrgo.<\/p>\n<p><img decoding=\"async\" class=\"alignnone size-full wp-image-7437\" src=\"https:\/\/natuzzi.si\/italia\/wp-content\/uploads\/2025\/12\/sfoderabili_vestire_1.gif\" alt=\"\" width=\"176\" height=\"118\" \/><\/p>\n<p><strong>Faza 2:<\/strong><br \/>\nPrevleko poravnajte s spodnjim kotom med hrbti\u0161\u010dem in rokonaslonom, odstranite varovalni trak, ki je pritrjen na Velcro je\u017eka (A). Prevleko poravnajte s sprednjim delom sede\u017ea in bodite prepri\u010dani, da je Velcro je\u017eek poravnan s stikom med obema prevlekama (B).<\/p>\n<p><img decoding=\"async\" class=\"alignnone size-full wp-image-7438\" src=\"https:\/\/natuzzi.si\/italia\/wp-content\/uploads\/2025\/12\/sfoderabili_vestire_2.gif\" alt=\"\" width=\"160\" height=\"217\" \/><\/p>\n<p><strong>Faza 3:<\/strong><br \/>\nRaztegnite prevleko \u010dez zunanje dele\u00a0<strong>sede\u017ene garniture<\/strong>, umaknite varovalni trak in jo pritrdite z Velcro je\u017ekom na spodnji del sede\u017ene garniture (C).<\/p>\n<p><img decoding=\"async\" class=\"alignnone size-full wp-image-7439\" src=\"https:\/\/natuzzi.si\/italia\/wp-content\/uploads\/2025\/12\/sfoderabili_vestire_3.gif\" alt=\"\" width=\"179\" height=\"157\" \/><\/p>\n<p><strong>Faza 4:<\/strong><br \/>\nRob prevleke zataknite v brazdo noge, vendar le v primeru, \u010de ima nogica brazdo oz. zarezo. Oblecite blazine. Notranji \u0161iv prevleke se mora ujemati z zadrgo na sami prevleki (F). Bodite pozorni, da se zanka zatakne na zadrgo (G). \u010ce imate model s tremi blazinami, najprej polo\u017eite stranski blazini in na koncu sredinsko sedalno blazino.\u00a0<strong>Ne zamenjujte pozicij sedalnih blazin!<\/strong><\/p>\n<p><img decoding=\"async\" class=\"alignnone size-full wp-image-7440\" src=\"https:\/\/natuzzi.si\/italia\/wp-content\/uploads\/2025\/12\/sfoderabili_vestire_4.gif\" alt=\"\" width=\"167\" height=\"251\" \/><\/p>\n<\/div><\/div><\/div><\/div><\/div>\n","protected":false},"excerpt":{"rendered":"","protected":false},"author":2,"featured_media":0,"parent":3261,"menu_order":0,"comment_status":"closed","ping_status":"closed","template":"100-width.php","meta":{"_acf_changed":false,"footnotes":""},"class_list":["post-7527","page","type-page","status-publish","hentry"],"acf":[],"yoast_head":"<!-- This site is optimized with the Yoast SEO plugin v27.0 - https:\/\/yoast.com\/product\/yoast-seo-wordpress\/ -->\n<title>Sede\u017ene garniture s snemljivimi prevlekami - Natuzzi<\/title>\n<meta name=\"robots\" content=\"index, follow, max-snippet:-1, max-image-preview:large, max-video-preview:-1\" \/>\n<link rel=\"canonical\" href=\"https:\/\/natuzzi.si\/italia\/uporaba-in-vzdrzevanje-izdelka\/sedezne-garniture-s-snemljivimi-prevlekami\/\" \/>\n<meta property=\"og:locale\" content=\"sl_SI\" \/>\n<meta property=\"og:type\" content=\"article\" \/>\n<meta property=\"og:title\" content=\"Sede\u017ene garniture s snemljivimi prevlekami - Natuzzi\" \/>\n<meta property=\"og:url\" content=\"https:\/\/natuzzi.si\/italia\/uporaba-in-vzdrzevanje-izdelka\/sedezne-garniture-s-snemljivimi-prevlekami\/\" \/>\n<meta property=\"og:site_name\" content=\"Natuzzi\" \/>\n<meta property=\"article:modified_time\" content=\"2025-12-19T16:16:30+00:00\" \/>\n<meta property=\"og:image\" content=\"https:\/\/natuzzi.si\/italia\/wp-content\/uploads\/2025\/12\/xsfoderabili_svestire_1.gif.pagespeed.ic_.BeX6gqMQsX.webp\" \/>\n<meta name=\"twitter:card\" content=\"summary_large_image\" \/>\n<meta name=\"twitter:label1\" content=\"Est. reading time\" \/>\n\t<meta name=\"twitter:data1\" content=\"7 minut\" \/>\n<script type=\"application\/ld+json\" class=\"yoast-schema-graph\">{\"@context\":\"https:\/\/schema.org\",\"@graph\":[{\"@type\":\"WebPage\",\"@id\":\"https:\/\/natuzzi.si\/italia\/uporaba-in-vzdrzevanje-izdelka\/sedezne-garniture-s-snemljivimi-prevlekami\/\",\"url\":\"https:\/\/natuzzi.si\/italia\/uporaba-in-vzdrzevanje-izdelka\/sedezne-garniture-s-snemljivimi-prevlekami\/\",\"name\":\"Sede\u017ene garniture s snemljivimi prevlekami - Natuzzi\",\"isPartOf\":{\"@id\":\"https:\/\/natuzzi.si\/italia\/#website\"},\"primaryImageOfPage\":{\"@id\":\"https:\/\/natuzzi.si\/italia\/uporaba-in-vzdrzevanje-izdelka\/sedezne-garniture-s-snemljivimi-prevlekami\/#primaryimage\"},\"image\":{\"@id\":\"https:\/\/natuzzi.si\/italia\/uporaba-in-vzdrzevanje-izdelka\/sedezne-garniture-s-snemljivimi-prevlekami\/#primaryimage\"},\"thumbnailUrl\":\"https:\/\/natuzzi.si\/italia\/wp-content\/uploads\/2025\/12\/xsfoderabili_svestire_1.gif.pagespeed.ic_.BeX6gqMQsX.webp\",\"datePublished\":\"2025-12-16T12:51:08+00:00\",\"dateModified\":\"2025-12-19T16:16:30+00:00\",\"breadcrumb\":{\"@id\":\"https:\/\/natuzzi.si\/italia\/uporaba-in-vzdrzevanje-izdelka\/sedezne-garniture-s-snemljivimi-prevlekami\/#breadcrumb\"},\"inLanguage\":\"sl-SI\",\"potentialAction\":[{\"@type\":\"ReadAction\",\"target\":[\"https:\/\/natuzzi.si\/italia\/uporaba-in-vzdrzevanje-izdelka\/sedezne-garniture-s-snemljivimi-prevlekami\/\"]}]},{\"@type\":\"ImageObject\",\"inLanguage\":\"sl-SI\",\"@id\":\"https:\/\/natuzzi.si\/italia\/uporaba-in-vzdrzevanje-izdelka\/sedezne-garniture-s-snemljivimi-prevlekami\/#primaryimage\",\"url\":\"https:\/\/natuzzi.si\/italia\/wp-content\/uploads\/2025\/12\/xsfoderabili_svestire_1.gif.pagespeed.ic_.BeX6gqMQsX.webp\",\"contentUrl\":\"https:\/\/natuzzi.si\/italia\/wp-content\/uploads\/2025\/12\/xsfoderabili_svestire_1.gif.pagespeed.ic_.BeX6gqMQsX.webp\",\"width\":206,\"height\":194},{\"@type\":\"BreadcrumbList\",\"@id\":\"https:\/\/natuzzi.si\/italia\/uporaba-in-vzdrzevanje-izdelka\/sedezne-garniture-s-snemljivimi-prevlekami\/#breadcrumb\",\"itemListElement\":[{\"@type\":\"ListItem\",\"position\":1,\"name\":\"Po\u010detna stranica\",\"item\":\"https:\/\/natuzzi.si\/italia\/\"},{\"@type\":\"ListItem\",\"position\":2,\"name\":\"Uporaba in vzdr\u017eevanje izdelka\",\"item\":\"https:\/\/natuzzi.si\/italia\/uporaba-in-vzdrzevanje-izdelka\/\"},{\"@type\":\"ListItem\",\"position\":3,\"name\":\"Sede\u017ene garniture s snemljivimi prevlekami\"}]},{\"@type\":\"WebSite\",\"@id\":\"https:\/\/natuzzi.si\/italia\/#website\",\"url\":\"https:\/\/natuzzi.si\/italia\/\",\"name\":\"Natuzzi\",\"description\":\"\",\"potentialAction\":[{\"@type\":\"SearchAction\",\"target\":{\"@type\":\"EntryPoint\",\"urlTemplate\":\"https:\/\/natuzzi.si\/italia\/?s={search_term_string}\"},\"query-input\":{\"@type\":\"PropertyValueSpecification\",\"valueRequired\":true,\"valueName\":\"search_term_string\"}}],\"inLanguage\":\"sl-SI\"}]}<\/script>\n<!-- \/ Yoast SEO plugin. -->","yoast_head_json":{"title":"Sede\u017ene garniture s snemljivimi prevlekami - Natuzzi","robots":{"index":"index","follow":"follow","max-snippet":"max-snippet:-1","max-image-preview":"max-image-preview:large","max-video-preview":"max-video-preview:-1"},"canonical":"https:\/\/natuzzi.si\/italia\/uporaba-in-vzdrzevanje-izdelka\/sedezne-garniture-s-snemljivimi-prevlekami\/","og_locale":"sl_SI","og_type":"article","og_title":"Sede\u017ene garniture s snemljivimi prevlekami - Natuzzi","og_url":"https:\/\/natuzzi.si\/italia\/uporaba-in-vzdrzevanje-izdelka\/sedezne-garniture-s-snemljivimi-prevlekami\/","og_site_name":"Natuzzi","article_modified_time":"2025-12-19T16:16:30+00:00","og_image":[{"url":"https:\/\/natuzzi.si\/italia\/wp-content\/uploads\/2025\/12\/xsfoderabili_svestire_1.gif.pagespeed.ic_.BeX6gqMQsX.webp","type":"","width":"","height":""}],"twitter_card":"summary_large_image","twitter_misc":{"Est. reading time":"7 minut"},"schema":{"@context":"https:\/\/schema.org","@graph":[{"@type":"WebPage","@id":"https:\/\/natuzzi.si\/italia\/uporaba-in-vzdrzevanje-izdelka\/sedezne-garniture-s-snemljivimi-prevlekami\/","url":"https:\/\/natuzzi.si\/italia\/uporaba-in-vzdrzevanje-izdelka\/sedezne-garniture-s-snemljivimi-prevlekami\/","name":"Sede\u017ene garniture s snemljivimi prevlekami - Natuzzi","isPartOf":{"@id":"https:\/\/natuzzi.si\/italia\/#website"},"primaryImageOfPage":{"@id":"https:\/\/natuzzi.si\/italia\/uporaba-in-vzdrzevanje-izdelka\/sedezne-garniture-s-snemljivimi-prevlekami\/#primaryimage"},"image":{"@id":"https:\/\/natuzzi.si\/italia\/uporaba-in-vzdrzevanje-izdelka\/sedezne-garniture-s-snemljivimi-prevlekami\/#primaryimage"},"thumbnailUrl":"https:\/\/natuzzi.si\/italia\/wp-content\/uploads\/2025\/12\/xsfoderabili_svestire_1.gif.pagespeed.ic_.BeX6gqMQsX.webp","datePublished":"2025-12-16T12:51:08+00:00","dateModified":"2025-12-19T16:16:30+00:00","breadcrumb":{"@id":"https:\/\/natuzzi.si\/italia\/uporaba-in-vzdrzevanje-izdelka\/sedezne-garniture-s-snemljivimi-prevlekami\/#breadcrumb"},"inLanguage":"sl-SI","potentialAction":[{"@type":"ReadAction","target":["https:\/\/natuzzi.si\/italia\/uporaba-in-vzdrzevanje-izdelka\/sedezne-garniture-s-snemljivimi-prevlekami\/"]}]},{"@type":"ImageObject","inLanguage":"sl-SI","@id":"https:\/\/natuzzi.si\/italia\/uporaba-in-vzdrzevanje-izdelka\/sedezne-garniture-s-snemljivimi-prevlekami\/#primaryimage","url":"https:\/\/natuzzi.si\/italia\/wp-content\/uploads\/2025\/12\/xsfoderabili_svestire_1.gif.pagespeed.ic_.BeX6gqMQsX.webp","contentUrl":"https:\/\/natuzzi.si\/italia\/wp-content\/uploads\/2025\/12\/xsfoderabili_svestire_1.gif.pagespeed.ic_.BeX6gqMQsX.webp","width":206,"height":194},{"@type":"BreadcrumbList","@id":"https:\/\/natuzzi.si\/italia\/uporaba-in-vzdrzevanje-izdelka\/sedezne-garniture-s-snemljivimi-prevlekami\/#breadcrumb","itemListElement":[{"@type":"ListItem","position":1,"name":"Po\u010detna stranica","item":"https:\/\/natuzzi.si\/italia\/"},{"@type":"ListItem","position":2,"name":"Uporaba in vzdr\u017eevanje izdelka","item":"https:\/\/natuzzi.si\/italia\/uporaba-in-vzdrzevanje-izdelka\/"},{"@type":"ListItem","position":3,"name":"Sede\u017ene garniture s snemljivimi prevlekami"}]},{"@type":"WebSite","@id":"https:\/\/natuzzi.si\/italia\/#website","url":"https:\/\/natuzzi.si\/italia\/","name":"Natuzzi","description":"","potentialAction":[{"@type":"SearchAction","target":{"@type":"EntryPoint","urlTemplate":"https:\/\/natuzzi.si\/italia\/?s={search_term_string}"},"query-input":{"@type":"PropertyValueSpecification","valueRequired":true,"valueName":"search_term_string"}}],"inLanguage":"sl-SI"}]}},"_links":{"self":[{"href":"https:\/\/natuzzi.si\/italia\/wp-json\/wp\/v2\/pages\/7527","targetHints":{"allow":["GET"]}}],"collection":[{"href":"https:\/\/natuzzi.si\/italia\/wp-json\/wp\/v2\/pages"}],"about":[{"href":"https:\/\/natuzzi.si\/italia\/wp-json\/wp\/v2\/types\/page"}],"author":[{"embeddable":true,"href":"https:\/\/natuzzi.si\/italia\/wp-json\/wp\/v2\/users\/2"}],"replies":[{"embeddable":true,"href":"https:\/\/natuzzi.si\/italia\/wp-json\/wp\/v2\/comments?post=7527"}],"version-history":[{"count":3,"href":"https:\/\/natuzzi.si\/italia\/wp-json\/wp\/v2\/pages\/7527\/revisions"}],"predecessor-version":[{"id":7641,"href":"https:\/\/natuzzi.si\/italia\/wp-json\/wp\/v2\/pages\/7527\/revisions\/7641"}],"up":[{"embeddable":true,"href":"https:\/\/natuzzi.si\/italia\/wp-json\/wp\/v2\/pages\/3261"}],"wp:attachment":[{"href":"https:\/\/natuzzi.si\/italia\/wp-json\/wp\/v2\/media?parent=7527"}],"curies":[{"name":"wp","href":"https:\/\/api.w.org\/{rel}","templated":true}]}}