{"id":3267,"date":"2024-12-17T09:39:52","date_gmt":"2024-12-17T09:39:52","guid":{"rendered":"https:\/\/natuzzi.si\/italia\/?page_id=3267"},"modified":"2025-10-16T05:52:33","modified_gmt":"2025-10-16T05:52:33","slug":"politika-varovanja-osebnih-podatkov","status":"publish","type":"page","link":"https:\/\/natuzzi.si\/italia\/politika-varovanja-osebnih-podatkov\/","title":{"rendered":"Politika varovanja osebnih podatkov"},"content":{"rendered":"<div class=\"fusion-fullwidth fullwidth-box fusion-builder-row-1 fusion-flex-container has-pattern-background has-mask-background na-500-pink-bg-container nonhundred-percent-fullwidth non-hundred-percent-height-scrolling\" style=\"--awb-border-radius-top-left:0px;--awb-border-radius-top-right:0px;--awb-border-radius-bottom-right:0px;--awb-border-radius-bottom-left:0px;--awb-padding-top:180px;--awb-padding-top-small:60px;--awb-flex-wrap:wrap;\" ><div class=\"fusion-builder-row fusion-row fusion-flex-align-items-flex-start fusion-flex-justify-content-center fusion-flex-content-wrap\" style=\"max-width:1788.8px;margin-left: calc(-4% \/ 2 );margin-right: calc(-4% \/ 2 );\"><div class=\"fusion-layout-column fusion_builder_column fusion-builder-column-0 fusion-flex-column\" style=\"--awb-bg-size:cover;--awb-width-large:800px;--awb-margin-top-large:0px;--awb-spacing-right-large:2%;--awb-margin-bottom-large:20px;--awb-spacing-left-large:2%;--awb-width-medium:800px;--awb-order-medium:0;--awb-spacing-right-medium:2%;--awb-spacing-left-medium:2%;--awb-width-small:100%;--awb-order-small:0;--awb-spacing-right-small:1.92%;--awb-spacing-left-small:1.92%;\" data-scroll-devices=\"small-visibility,medium-visibility,large-visibility\"><div class=\"fusion-column-wrapper fusion-column-has-shadow fusion-flex-justify-content-flex-start fusion-content-layout-column\"><div class=\"fusion-title title fusion-title-1 fusion-sep-none fusion-title-text fusion-title-size-one\"><h1 class=\"fusion-title-heading title-heading-left\" style=\"margin:0;\">Politika varovanja osebnih podatkov<\/h1><\/div><div class=\"fusion-image-element \" style=\"--awb-margin-bottom:20px;--awb-caption-title-font-family:var(--h2_typography-font-family);--awb-caption-title-font-weight:var(--h2_typography-font-weight);--awb-caption-title-font-style:var(--h2_typography-font-style);--awb-caption-title-size:var(--h2_typography-font-size);--awb-caption-title-transform:var(--h2_typography-text-transform);--awb-caption-title-line-height:var(--h2_typography-line-height);--awb-caption-title-letter-spacing:var(--h2_typography-letter-spacing);\"><span class=\" fusion-imageframe imageframe-none imageframe-1 hover-type-none\"><img decoding=\"async\" width=\"781\" height=\"474\" title=\"Mask group (56)\" src=\"https:\/\/natuzzi.si\/italia\/wp-content\/uploads\/2024\/12\/Mask-group-56.jpg\" alt class=\"img-responsive wp-image-3268\" srcset=\"https:\/\/natuzzi.si\/italia\/wp-content\/uploads\/2024\/12\/Mask-group-56-200x121.jpg 200w, https:\/\/natuzzi.si\/italia\/wp-content\/uploads\/2024\/12\/Mask-group-56-400x243.jpg 400w, https:\/\/natuzzi.si\/italia\/wp-content\/uploads\/2024\/12\/Mask-group-56-600x364.jpg 600w, https:\/\/natuzzi.si\/italia\/wp-content\/uploads\/2024\/12\/Mask-group-56.jpg 781w\" sizes=\"(max-width: 640px) 100vw, 781px\" \/><\/span><\/div><div class=\"fusion-title title fusion-title-2 fusion-sep-none fusion-title-text fusion-title-size-four\"><h4 class=\"fusion-title-heading title-heading-left\" style=\"margin:0;\">Splo\u0161no<\/h4><\/div><div class=\"fusion-text fusion-text-1\"><p>Ponudnik se zavezuje, da bo varoval zaupnost osebnih podatkov in zasebnost uporabnikov spletnih strani. Zbrane osebne podatke bo ponudnik uporabljal izklju\u010dno za opravljanje storitev, ki jih ponuja. Ponudnik spo\u0161tuje zaupnost osebnih podatkov in zasebnost uporabnikov spletnih strani, zato bo storil vse potrebno, da jih za\u0161\u010diti pred kakr\u0161nimikoli kr\u0161itvami in zlorabami. Osebni podatki uporabnikov so eno izmed podro\u010dij, kateremu ponudnik posve\u010da izredno skrb in pozornost, saj se zaveda ob\u010dutljive narave tega podro\u010dja.<\/p>\n<\/div><div class=\"fusion-title title fusion-title-3 fusion-sep-none fusion-title-text fusion-title-size-four\"><h4 class=\"fusion-title-heading title-heading-left\" style=\"margin:0;\">Uporaba osebnih podatkov<\/h4><\/div><div class=\"fusion-text fusion-text-2\"><p>Ponudnik za potrebe opravljanja storitev, ki jih ponuja, zbira, vodi, obdeluje in shranjuje najve\u010d naslednje uporabnikove podatke:<\/p>\n<ul>\n<li>ime in priimek;<\/li>\n<li>e-po\u0161tni naslov;<\/li>\n<li>telefonska \u0161tevilka;<\/li>\n<li>druge podatke, ki jih uporabnik prostovoljno vnese v obrazce v spletnih straneh;<\/li>\n<li>druge podatke, ki jih uporabnik prostovoljno doda naknadno v svojem profilu (\u010de spletna stran to funkcionalnost omogo\u010da).<\/li>\n<\/ul>\n<p>Za pravilnost, popolnost in a\u017eurnost podatkov, ki jih vnesejo uporabniki, ponudnik ne odgovarja.<\/p>\n<\/div><div class=\"fusion-title title fusion-title-4 fusion-sep-none fusion-title-text fusion-title-size-four\"><h4 class=\"fusion-title-heading title-heading-left\" style=\"margin:0;\">Nameni obdelave osebnih podatkov<\/h4><\/div><div class=\"fusion-text fusion-text-3\"><p>Ponudnik bo osebne podatke obdeloval v naslednje namene:<\/p>\n<ul>\n<li>Za komunikacijo z uporabnikom glede oddanih povpra\u0161evanj po izdelkih oz. v primeru vpra\u0161anj uporabnikov. V ta namen bo ponudnik osebne podatke hranil tako dolgo, dokler so ti potrebni za komunikacijo s stranko.<\/li>\n<li>Za po\u0161iljanje ob\u010dasnih e-novic o aktualnih dogodkih in ponudbah, o promocijski ponudbi in o ostalih zadevah, ki bi uporabnika morebiti zanimale. Ponudnik bo osebne podatke za te namene hranil samo ob eksplicitnemu in nedvoumnemu predhodnemu soglasju uporabnika. Osebne podatke bo hranil do preklica, ki ga uporabnik lahko poda s poslanim sporo\u010dilom na e-naslov\u00a0<a href=\"mailto:info@natuzzi.si\">info@natuzzi.si<\/a>.<\/li>\n<\/ul>\n<\/div><div class=\"fusion-title title fusion-title-5 fusion-sep-none fusion-title-text fusion-title-size-four\"><h4 class=\"fusion-title-heading title-heading-left\" style=\"margin:0;\">Pravice uporabnika<\/h4><\/div><div class=\"fusion-text fusion-text-4\"><p>Uporabnik lahko kadarkoli zahteva:<\/p>\n<ul>\n<li>Odjavo od prejemanja e-novic (v kolikor jih prejema) s klikom na povezavo v prejetem e-sporo\u010dilu. Po odjavi bo ponudnik podatke izbrisal v kolikor jih ne potrebuje za druge namene s katerimi se je uporabnik predhodno strinjal ali jih ponudnik hrani na podlagi drugih pravnih podlag.<\/li>\n<li>Popravek svojih osebnih podatkov s posredovanjem pisne zahteve na naslov\u00a0<a href=\"mailto:info@natuzzi.si\">info@natuzzi.si<\/a>.<\/li>\n<li>Trajen izbris osebnih podatkov, ki jih ponudnik hrani in\/ali obdeluje, s posredovanjem pisne zahteve na naslov\u00a0<a href=\"mailto:info@natuzzi.si\">info@natuzzi.si<\/a>.<\/li>\n<li>Izvoz in vpogled do osebnih podatkov, ki jih ponudnik hrani in\/ali obdeluje, s posredovanjem pisne zahteve na naslov\u00a0<a href=\"mailto:info@natuzzi.si\">info@natuzzi.si<\/a>.<\/li>\n<\/ul>\n<\/div><div class=\"fusion-title title fusion-title-6 fusion-sep-none fusion-title-text fusion-title-size-four\"><h4 class=\"fusion-title-heading title-heading-left\" style=\"margin:0;\">Izjava o varovanju zaupnosti osebnih podatkov in zasebnosti uporabnikov<\/h4><\/div><div class=\"fusion-text fusion-text-5\"><p>Ponudnik je v skladu s predpisi, ki urejajo varstvo osebnih podatkov, zavezan k varovanju osebnih podatkov uporabnikov njegovih\u00a0spletnih strani. Ponudnik ne bo pod nobenim pogojem brez izrecnega dovoljenja uporabnika posredoval osebnih oz. drugih podatkov uporabnika tretji osebi oz. ne bo omogo\u010dil tretji osebi, da vpogleda v osebne oz. druge podatke uporabnika, razen:<\/p>\n<ul>\n<li>pogodbenim obdelovalcem, ki za upravljavca izvajajo podporo za obdelavo osebnih podatkov za posamezne namene, za katere je bila podana privolitev,<\/li>\n<li>\u010de bi to od njega zahtevale dr\u017eavne oblasti,<\/li>\n<li>\u010de je taka obveznost dolo\u010dena v zakonu,<\/li>\n<li>ali v dobri veri, da je tako ukrepanje potrebno za postopke pred sodi\u0161\u010di ali drugimi dr\u017eavnimi organi ter za za\u0161\u010dito in uresni\u010devanje zakonitih interesov ponudnika.<\/li>\n<\/ul>\n<p>Vsi osebni in drugi podatki, ki jih bo uporabnik posredoval ob prijavi v spletne strani, kot tudi ob naro\u010dilu nakupa izdelkov, vklju\u010dno z vsebino naro\u010dil, bodo varovani v skladu s predpisi, ki urejajo varstvo osebnih podatkov. Ponudnik teh podatkov ne bo uporabil v namen, ki bi kakorkoli \u0161kodoval uporabniku ali drugi vpleteni osebi, razen v namene, ki jih uporabnik eksplicitno in nedvoumno predhodno dovoli. Ponudnik podatkov uporabnikov ne bo uporabil za po\u0161iljanje promocijske e-po\u0161te ali drugega neza\u017eelenega promocijskega materiala, razen za po\u0161iljanje tistih promocijskih obvestil, na katere se bo uporabnik naro\u010dil oz. s katerimi bo predhodno sogla\u0161al. Ponudnik lahko podatke v anonimizirani sumarni obliki uporabi za namene statisti\u010dnih analiz. Zaupnost osebnih in drugih podatkov uporabnikov ne bo kr\u0161ena v nobeni obliki.<\/p>\n<p>Dostavni slu\u017ebi (npr. Po\u0161ta Slovenije, DHL, UPS ipd.) bo ponudnik zaupal le potrebne podatke za dostavo v spletni strani (spletni trgovini) kupljenih izdelkov (podatki o prejemniku in naslov za dostavo). Prek elektronske po\u0161te bo ponudnik stopil v stik z uporabnikom, \u010de bo to potrebno za izvedbo nakupa v spletni strani (spletni trgovini), prek kontaktne telefonske \u0161tevilke pa le, \u010de bo v postopku registracije oz. nakupa v spletni strani (spletni trgovini) pri\u0161lo do te\u017eav.<\/p>\n<\/div><div class=\"fusion-title title fusion-title-7 fusion-sep-none fusion-title-text fusion-title-size-four\"><h4 class=\"fusion-title-heading title-heading-left\" style=\"margin:0;\">Izvajanje politike zasebnosti<\/h4><\/div><div class=\"fusion-text fusion-text-6\"><p>Vse pri ponudniku redno ali honorarno zaposlene osebe, ki imajo dostop do osebnih in drugih podatkov uporabnikov, so seznanjene z dol\u017enostjo varovanja osebnih in drugih podatkov in so dol\u017ene upo\u0161tevati ta dolo\u010dila o varovanju zaupnosti osebnih podatkov in zasebnosti uporabnikov spletne strani (spletne trgovine). Dol\u017enost varovanja osebnih in drugih podatkov velja \u010dasovno neomejeno, tudi po prenehanju razmerja s ponudnikom.<\/p>\n<p>Registrirani uporabniki lahko kadarkoli prenehajo uporabljati spletno stran (spletno trgovino) in lahko prekli\u010dejo svojo registracijo. To storijo tako, da s pisno izjavo ponudniku sporo\u010dijo preklic registracije. Pred podajo izjave o preklicu registracije mora uporabnik ponudniku poravnati vse \u0161e neporavnane obveznosti iz naslova opravljenih nakupov v spletni strani (spletni trgovini). Ponudnik bo zaupnost osebnih podatkov in zasebnost uporabnikov spletne trgovine v okviru te politike zasebnosti varoval tudi v primeru preklica registracije.<\/p>\n<\/div><div class=\"fusion-title title fusion-title-8 fusion-sep-none fusion-title-text fusion-title-size-four\"><h4 class=\"fusion-title-heading title-heading-left\" style=\"margin:0;\">Pogoji uporabe spletnega mesta<\/h4><\/div><div class=\"fusion-text fusion-text-7\"><p>Ta politika varovanja osebnih podatkov je del splo\u0161nih pogojev uporabe spletnega mesta, ki so dostopni tukaj:\u00a0<a href=\"http:\/\/www.natuzzi.si\/sl\/content\/pogoji-uporabe.html\">http:\/\/www.natuzzi.si\/sl\/content\/pogoji-uporabe.html<\/a>.<\/p>\n<\/div><\/div><\/div><\/div><\/div>\n","protected":false},"excerpt":{"rendered":"","protected":false},"author":2,"featured_media":0,"parent":0,"menu_order":0,"comment_status":"closed","ping_status":"closed","template":"100-width.php","meta":{"_acf_changed":false,"footnotes":""},"class_list":["post-3267","page","type-page","status-publish","hentry"],"acf":[],"yoast_head":"<!-- This site is optimized with the Yoast SEO plugin v27.0 - https:\/\/yoast.com\/product\/yoast-seo-wordpress\/ -->\n<title>Politika varovanja osebnih podatkov - Natuzzi<\/title>\n<meta name=\"robots\" content=\"index, follow, max-snippet:-1, max-image-preview:large, max-video-preview:-1\" \/>\n<link rel=\"canonical\" href=\"https:\/\/natuzzi.si\/italia\/politika-varovanja-osebnih-podatkov\/\" \/>\n<meta property=\"og:locale\" content=\"sl_SI\" \/>\n<meta property=\"og:type\" content=\"article\" \/>\n<meta property=\"og:title\" content=\"Politika varovanja osebnih podatkov - Natuzzi\" \/>\n<meta property=\"og:url\" content=\"https:\/\/natuzzi.si\/italia\/politika-varovanja-osebnih-podatkov\/\" \/>\n<meta property=\"og:site_name\" content=\"Natuzzi\" \/>\n<meta property=\"article:modified_time\" content=\"2025-10-16T05:52:33+00:00\" \/>\n<meta name=\"twitter:card\" content=\"summary_large_image\" \/>\n<meta name=\"twitter:label1\" content=\"Est. reading time\" \/>\n\t<meta name=\"twitter:data1\" content=\"6 minut\" \/>\n<script type=\"application\/ld+json\" class=\"yoast-schema-graph\">{\"@context\":\"https:\/\/schema.org\",\"@graph\":[{\"@type\":\"WebPage\",\"@id\":\"https:\/\/natuzzi.si\/italia\/politika-varovanja-osebnih-podatkov\/\",\"url\":\"https:\/\/natuzzi.si\/italia\/politika-varovanja-osebnih-podatkov\/\",\"name\":\"Politika varovanja osebnih podatkov - Natuzzi\",\"isPartOf\":{\"@id\":\"https:\/\/natuzzi.si\/italia\/#website\"},\"datePublished\":\"2024-12-17T09:39:52+00:00\",\"dateModified\":\"2025-10-16T05:52:33+00:00\",\"breadcrumb\":{\"@id\":\"https:\/\/natuzzi.si\/italia\/politika-varovanja-osebnih-podatkov\/#breadcrumb\"},\"inLanguage\":\"sl-SI\",\"potentialAction\":[{\"@type\":\"ReadAction\",\"target\":[\"https:\/\/natuzzi.si\/italia\/politika-varovanja-osebnih-podatkov\/\"]}]},{\"@type\":\"BreadcrumbList\",\"@id\":\"https:\/\/natuzzi.si\/italia\/politika-varovanja-osebnih-podatkov\/#breadcrumb\",\"itemListElement\":[{\"@type\":\"ListItem\",\"position\":1,\"name\":\"Po\u010detna stranica\",\"item\":\"https:\/\/natuzzi.si\/italia\/\"},{\"@type\":\"ListItem\",\"position\":2,\"name\":\"Politika varovanja osebnih podatkov\"}]},{\"@type\":\"WebSite\",\"@id\":\"https:\/\/natuzzi.si\/italia\/#website\",\"url\":\"https:\/\/natuzzi.si\/italia\/\",\"name\":\"Natuzzi\",\"description\":\"\",\"potentialAction\":[{\"@type\":\"SearchAction\",\"target\":{\"@type\":\"EntryPoint\",\"urlTemplate\":\"https:\/\/natuzzi.si\/italia\/?s={search_term_string}\"},\"query-input\":{\"@type\":\"PropertyValueSpecification\",\"valueRequired\":true,\"valueName\":\"search_term_string\"}}],\"inLanguage\":\"sl-SI\"}]}<\/script>\n<!-- \/ Yoast SEO plugin. -->","yoast_head_json":{"title":"Politika varovanja osebnih podatkov - Natuzzi","robots":{"index":"index","follow":"follow","max-snippet":"max-snippet:-1","max-image-preview":"max-image-preview:large","max-video-preview":"max-video-preview:-1"},"canonical":"https:\/\/natuzzi.si\/italia\/politika-varovanja-osebnih-podatkov\/","og_locale":"sl_SI","og_type":"article","og_title":"Politika varovanja osebnih podatkov - Natuzzi","og_url":"https:\/\/natuzzi.si\/italia\/politika-varovanja-osebnih-podatkov\/","og_site_name":"Natuzzi","article_modified_time":"2025-10-16T05:52:33+00:00","twitter_card":"summary_large_image","twitter_misc":{"Est. reading time":"6 minut"},"schema":{"@context":"https:\/\/schema.org","@graph":[{"@type":"WebPage","@id":"https:\/\/natuzzi.si\/italia\/politika-varovanja-osebnih-podatkov\/","url":"https:\/\/natuzzi.si\/italia\/politika-varovanja-osebnih-podatkov\/","name":"Politika varovanja osebnih podatkov - Natuzzi","isPartOf":{"@id":"https:\/\/natuzzi.si\/italia\/#website"},"datePublished":"2024-12-17T09:39:52+00:00","dateModified":"2025-10-16T05:52:33+00:00","breadcrumb":{"@id":"https:\/\/natuzzi.si\/italia\/politika-varovanja-osebnih-podatkov\/#breadcrumb"},"inLanguage":"sl-SI","potentialAction":[{"@type":"ReadAction","target":["https:\/\/natuzzi.si\/italia\/politika-varovanja-osebnih-podatkov\/"]}]},{"@type":"BreadcrumbList","@id":"https:\/\/natuzzi.si\/italia\/politika-varovanja-osebnih-podatkov\/#breadcrumb","itemListElement":[{"@type":"ListItem","position":1,"name":"Po\u010detna stranica","item":"https:\/\/natuzzi.si\/italia\/"},{"@type":"ListItem","position":2,"name":"Politika varovanja osebnih podatkov"}]},{"@type":"WebSite","@id":"https:\/\/natuzzi.si\/italia\/#website","url":"https:\/\/natuzzi.si\/italia\/","name":"Natuzzi","description":"","potentialAction":[{"@type":"SearchAction","target":{"@type":"EntryPoint","urlTemplate":"https:\/\/natuzzi.si\/italia\/?s={search_term_string}"},"query-input":{"@type":"PropertyValueSpecification","valueRequired":true,"valueName":"search_term_string"}}],"inLanguage":"sl-SI"}]}},"_links":{"self":[{"href":"https:\/\/natuzzi.si\/italia\/wp-json\/wp\/v2\/pages\/3267","targetHints":{"allow":["GET"]}}],"collection":[{"href":"https:\/\/natuzzi.si\/italia\/wp-json\/wp\/v2\/pages"}],"about":[{"href":"https:\/\/natuzzi.si\/italia\/wp-json\/wp\/v2\/types\/page"}],"author":[{"embeddable":true,"href":"https:\/\/natuzzi.si\/italia\/wp-json\/wp\/v2\/users\/2"}],"replies":[{"embeddable":true,"href":"https:\/\/natuzzi.si\/italia\/wp-json\/wp\/v2\/comments?post=3267"}],"version-history":[{"count":5,"href":"https:\/\/natuzzi.si\/italia\/wp-json\/wp\/v2\/pages\/3267\/revisions"}],"predecessor-version":[{"id":7275,"href":"https:\/\/natuzzi.si\/italia\/wp-json\/wp\/v2\/pages\/3267\/revisions\/7275"}],"wp:attachment":[{"href":"https:\/\/natuzzi.si\/italia\/wp-json\/wp\/v2\/media?parent=3267"}],"curies":[{"name":"wp","href":"https:\/\/api.w.org\/{rel}","templated":true}]}}