{"id":4619,"date":"2024-12-17T13:11:24","date_gmt":"2024-12-17T13:11:24","guid":{"rendered":"https:\/\/natuzzi.si\/editions\/product\/tranquillo\/"},"modified":"2026-01-15T10:32:48","modified_gmt":"2026-01-15T09:32:48","slug":"tranquillo","status":"publish","type":"product","link":"https:\/\/natuzzi.si\/editions\/product\/tranquillo\/","title":{"rendered":"TRANQUILLO"},"content":{"rendered":"<p>Majhen in preprost kav\u010d s posteljnim sistemom zdru\u017euje slog, kakovost in udobje. Je odli\u010dna izbira za manj\u0161e bivalne prostore. Minimalisti\u010den dizajn in \u010disti zaklju\u010dki kav\u010da Tranquillo, so popolna izbira za vsak dom.<\/p>\n","protected":false},"excerpt":{"rendered":"<p>Majhen in preprost kav\u010d s posteljnim sistemom zdru\u017euje slog, kakovost [&hellip;]<\/p>\n","protected":false},"featured_media":4631,"comment_status":"closed","ping_status":"closed","template":"","meta":{"_acf_changed":false},"product_cat":[23],"product_tag":[],"class_list":{"0":"post-4619","1":"product","2":"type-product","3":"status-publish","4":"has-post-thumbnail","6":"product_cat-garniture-z-leziscem","8":"first","9":"instock","10":"purchasable","11":"product-type-simple"},"acf":[],"yoast_head":"<!-- This site is optimized with the Yoast SEO plugin v27.0 - https:\/\/yoast.com\/product\/yoast-seo-wordpress\/ -->\n<title>TRANQUILLO - Natuzzi<\/title>\n<meta name=\"robots\" content=\"index, follow, max-snippet:-1, max-image-preview:large, max-video-preview:-1\" \/>\n<link rel=\"canonical\" href=\"https:\/\/natuzzi.si\/editions\/product\/tranquillo\/\" \/>\n<meta property=\"og:locale\" content=\"sl_SI\" \/>\n<meta property=\"og:type\" content=\"article\" \/>\n<meta property=\"og:title\" content=\"TRANQUILLO - Natuzzi\" \/>\n<meta property=\"og:description\" content=\"Majhen in preprost kav\u010d s posteljnim sistemom zdru\u017euje slog, kakovost [&hellip;]\" \/>\n<meta property=\"og:url\" content=\"https:\/\/natuzzi.si\/editions\/product\/tranquillo\/\" \/>\n<meta property=\"og:site_name\" content=\"Natuzzi\" \/>\n<meta property=\"article:modified_time\" content=\"2026-01-15T09:32:48+00:00\" \/>\n<meta property=\"og:image\" content=\"https:\/\/natuzzi.si\/editions\/wp-content\/uploads\/2024\/12\/uc-513.jpeg\" \/>\n\t<meta property=\"og:image:width\" content=\"1145\" \/>\n\t<meta property=\"og:image:height\" content=\"700\" \/>\n\t<meta property=\"og:image:type\" content=\"image\/jpeg\" \/>\n<meta name=\"twitter:card\" content=\"summary_large_image\" \/>\n<meta name=\"twitter:label1\" content=\"Est. reading time\" \/>\n\t<meta name=\"twitter:data1\" content=\"1 minuta\" \/>\n<script type=\"application\/ld+json\" class=\"yoast-schema-graph\">{\"@context\":\"https:\/\/schema.org\",\"@graph\":[{\"@type\":\"WebPage\",\"@id\":\"https:\/\/natuzzi.si\/editions\/product\/tranquillo\/\",\"url\":\"https:\/\/natuzzi.si\/editions\/product\/tranquillo\/\",\"name\":\"TRANQUILLO - Natuzzi\",\"isPartOf\":{\"@id\":\"https:\/\/natuzzi.si\/editions\/#website\"},\"primaryImageOfPage\":{\"@id\":\"https:\/\/natuzzi.si\/editions\/product\/tranquillo\/#primaryimage\"},\"image\":{\"@id\":\"https:\/\/natuzzi.si\/editions\/product\/tranquillo\/#primaryimage\"},\"thumbnailUrl\":\"https:\/\/natuzzi.si\/editions\/wp-content\/uploads\/2024\/12\/uc-513.jpeg\",\"datePublished\":\"2024-12-17T13:11:24+00:00\",\"dateModified\":\"2026-01-15T09:32:48+00:00\",\"breadcrumb\":{\"@id\":\"https:\/\/natuzzi.si\/editions\/product\/tranquillo\/#breadcrumb\"},\"inLanguage\":\"sl-SI\",\"potentialAction\":[{\"@type\":\"ReadAction\",\"target\":[\"https:\/\/natuzzi.si\/editions\/product\/tranquillo\/\"]}]},{\"@type\":\"ImageObject\",\"inLanguage\":\"sl-SI\",\"@id\":\"https:\/\/natuzzi.si\/editions\/product\/tranquillo\/#primaryimage\",\"url\":\"https:\/\/natuzzi.si\/editions\/wp-content\/uploads\/2024\/12\/uc-513.jpeg\",\"contentUrl\":\"https:\/\/natuzzi.si\/editions\/wp-content\/uploads\/2024\/12\/uc-513.jpeg\",\"width\":1145,\"height\":700},{\"@type\":\"BreadcrumbList\",\"@id\":\"https:\/\/natuzzi.si\/editions\/product\/tranquillo\/#breadcrumb\",\"itemListElement\":[{\"@type\":\"ListItem\",\"position\":1,\"name\":\"Po\u010detna stranica\",\"item\":\"https:\/\/natuzzi.si\/editions\/\"},{\"@type\":\"ListItem\",\"position\":2,\"name\":\"Shop\",\"item\":\"https:\/\/natuzzi.si\/editions\/shop\/\"},{\"@type\":\"ListItem\",\"position\":3,\"name\":\"TRANQUILLO\"}]},{\"@type\":\"WebSite\",\"@id\":\"https:\/\/natuzzi.si\/editions\/#website\",\"url\":\"https:\/\/natuzzi.si\/editions\/\",\"name\":\"Natuzzi Editions\",\"description\":\"\",\"potentialAction\":[{\"@type\":\"SearchAction\",\"target\":{\"@type\":\"EntryPoint\",\"urlTemplate\":\"https:\/\/natuzzi.si\/editions\/?s={search_term_string}\"},\"query-input\":{\"@type\":\"PropertyValueSpecification\",\"valueRequired\":true,\"valueName\":\"search_term_string\"}}],\"inLanguage\":\"sl-SI\"}]}<\/script>\n<!-- \/ Yoast SEO plugin. -->","yoast_head_json":{"title":"TRANQUILLO - Natuzzi","robots":{"index":"index","follow":"follow","max-snippet":"max-snippet:-1","max-image-preview":"max-image-preview:large","max-video-preview":"max-video-preview:-1"},"canonical":"https:\/\/natuzzi.si\/editions\/product\/tranquillo\/","og_locale":"sl_SI","og_type":"article","og_title":"TRANQUILLO - Natuzzi","og_description":"Majhen in preprost kav\u010d s posteljnim sistemom zdru\u017euje slog, kakovost [&hellip;]","og_url":"https:\/\/natuzzi.si\/editions\/product\/tranquillo\/","og_site_name":"Natuzzi","article_modified_time":"2026-01-15T09:32:48+00:00","og_image":[{"width":1145,"height":700,"url":"https:\/\/natuzzi.si\/editions\/wp-content\/uploads\/2024\/12\/uc-513.jpeg","type":"image\/jpeg"}],"twitter_card":"summary_large_image","twitter_misc":{"Est. reading time":"1 minuta"},"schema":{"@context":"https:\/\/schema.org","@graph":[{"@type":"WebPage","@id":"https:\/\/natuzzi.si\/editions\/product\/tranquillo\/","url":"https:\/\/natuzzi.si\/editions\/product\/tranquillo\/","name":"TRANQUILLO - Natuzzi","isPartOf":{"@id":"https:\/\/natuzzi.si\/editions\/#website"},"primaryImageOfPage":{"@id":"https:\/\/natuzzi.si\/editions\/product\/tranquillo\/#primaryimage"},"image":{"@id":"https:\/\/natuzzi.si\/editions\/product\/tranquillo\/#primaryimage"},"thumbnailUrl":"https:\/\/natuzzi.si\/editions\/wp-content\/uploads\/2024\/12\/uc-513.jpeg","datePublished":"2024-12-17T13:11:24+00:00","dateModified":"2026-01-15T09:32:48+00:00","breadcrumb":{"@id":"https:\/\/natuzzi.si\/editions\/product\/tranquillo\/#breadcrumb"},"inLanguage":"sl-SI","potentialAction":[{"@type":"ReadAction","target":["https:\/\/natuzzi.si\/editions\/product\/tranquillo\/"]}]},{"@type":"ImageObject","inLanguage":"sl-SI","@id":"https:\/\/natuzzi.si\/editions\/product\/tranquillo\/#primaryimage","url":"https:\/\/natuzzi.si\/editions\/wp-content\/uploads\/2024\/12\/uc-513.jpeg","contentUrl":"https:\/\/natuzzi.si\/editions\/wp-content\/uploads\/2024\/12\/uc-513.jpeg","width":1145,"height":700},{"@type":"BreadcrumbList","@id":"https:\/\/natuzzi.si\/editions\/product\/tranquillo\/#breadcrumb","itemListElement":[{"@type":"ListItem","position":1,"name":"Po\u010detna stranica","item":"https:\/\/natuzzi.si\/editions\/"},{"@type":"ListItem","position":2,"name":"Shop","item":"https:\/\/natuzzi.si\/editions\/shop\/"},{"@type":"ListItem","position":3,"name":"TRANQUILLO"}]},{"@type":"WebSite","@id":"https:\/\/natuzzi.si\/editions\/#website","url":"https:\/\/natuzzi.si\/editions\/","name":"Natuzzi Editions","description":"","potentialAction":[{"@type":"SearchAction","target":{"@type":"EntryPoint","urlTemplate":"https:\/\/natuzzi.si\/editions\/?s={search_term_string}"},"query-input":{"@type":"PropertyValueSpecification","valueRequired":true,"valueName":"search_term_string"}}],"inLanguage":"sl-SI"}]}},"_links":{"self":[{"href":"https:\/\/natuzzi.si\/editions\/wp-json\/wp\/v2\/product\/4619","targetHints":{"allow":["GET"]}}],"collection":[{"href":"https:\/\/natuzzi.si\/editions\/wp-json\/wp\/v2\/product"}],"about":[{"href":"https:\/\/natuzzi.si\/editions\/wp-json\/wp\/v2\/types\/product"}],"replies":[{"embeddable":true,"href":"https:\/\/natuzzi.si\/editions\/wp-json\/wp\/v2\/comments?post=4619"}],"wp:featuredmedia":[{"embeddable":true,"href":"https:\/\/natuzzi.si\/editions\/wp-json\/wp\/v2\/media\/4631"}],"wp:attachment":[{"href":"https:\/\/natuzzi.si\/editions\/wp-json\/wp\/v2\/media?parent=4619"}],"wp:term":[{"taxonomy":"product_cat","embeddable":true,"href":"https:\/\/natuzzi.si\/editions\/wp-json\/wp\/v2\/product_cat?post=4619"},{"taxonomy":"product_tag","embeddable":true,"href":"https:\/\/natuzzi.si\/editions\/wp-json\/wp\/v2\/product_tag?post=4619"}],"curies":[{"name":"wp","href":"https:\/\/api.w.org\/{rel}","templated":true}]}}