{"id":3284,"date":"2024-12-16T12:37:59","date_gmt":"2024-12-16T12:37:59","guid":{"rendered":"https:\/\/natuzzi.si\/editions\/?page_id=3284"},"modified":"2025-10-17T07:47:44","modified_gmt":"2025-10-17T05:47:44","slug":"o-nas","status":"publish","type":"page","link":"https:\/\/natuzzi.si\/editions\/o-nas\/","title":{"rendered":"O nas"},"content":{"rendered":"<div class=\"fusion-fullwidth fullwidth-box fusion-builder-row-1 fusion-flex-container has-pattern-background has-mask-background na-500-pink-bg-container nonhundred-percent-fullwidth non-hundred-percent-height-scrolling\" style=\"--awb-border-radius-top-left:0px;--awb-border-radius-top-right:0px;--awb-border-radius-bottom-right:0px;--awb-border-radius-bottom-left:0px;--awb-padding-top:180px;--awb-padding-top-small:60px;--awb-flex-wrap:wrap;\" ><div class=\"fusion-builder-row fusion-row fusion-flex-align-items-flex-start fusion-flex-justify-content-center fusion-flex-content-wrap\" style=\"max-width:1788.8px;margin-left: calc(-4% \/ 2 );margin-right: calc(-4% \/ 2 );\"><div class=\"fusion-layout-column fusion_builder_column fusion-builder-column-0 fusion-flex-column\" style=\"--awb-bg-size:cover;--awb-width-large:800px;--awb-margin-top-large:0px;--awb-spacing-right-large:2%;--awb-margin-bottom-large:20px;--awb-spacing-left-large:2%;--awb-width-medium:800px;--awb-order-medium:0;--awb-spacing-right-medium:2%;--awb-spacing-left-medium:2%;--awb-width-small:100%;--awb-order-small:0;--awb-spacing-right-small:1.92%;--awb-spacing-left-small:1.92%;\" data-scroll-devices=\"small-visibility,medium-visibility,large-visibility\"><div class=\"fusion-column-wrapper fusion-column-has-shadow fusion-flex-justify-content-flex-start fusion-content-layout-column\"><div class=\"fusion-title title fusion-title-1 fusion-sep-none fusion-title-text fusion-title-size-one\"><h1 class=\"fusion-title-heading title-heading-left\" style=\"margin:0;\">Spoznajte Natuzzi<\/h1><\/div><div class=\"fusion-text fusion-text-1\"><p>The core of Natuzzi Editions is you. Najpomembnej\u0161i za Natuzzi Editions ste vi.<\/p>\n<\/div><div class=\"fusion-image-element \" style=\"--awb-margin-bottom:30px;--awb-caption-title-font-family:var(--h2_typography-font-family);--awb-caption-title-font-weight:var(--h2_typography-font-weight);--awb-caption-title-font-style:var(--h2_typography-font-style);--awb-caption-title-size:var(--h2_typography-font-size);--awb-caption-title-transform:var(--h2_typography-text-transform);--awb-caption-title-line-height:var(--h2_typography-line-height);--awb-caption-title-letter-spacing:var(--h2_typography-letter-spacing);\"><span class=\" fusion-imageframe imageframe-none imageframe-1 hover-type-none\"><img decoding=\"async\" width=\"781\" height=\"659\" title=\"Mask group (46)\" src=\"https:\/\/natuzzi.si\/editions\/wp-content\/uploads\/2024\/12\/Mask-group-46.jpg\" alt class=\"img-responsive wp-image-3289\" srcset=\"https:\/\/natuzzi.si\/editions\/wp-content\/uploads\/2024\/12\/Mask-group-46-200x169.jpg 200w, https:\/\/natuzzi.si\/editions\/wp-content\/uploads\/2024\/12\/Mask-group-46-400x338.jpg 400w, https:\/\/natuzzi.si\/editions\/wp-content\/uploads\/2024\/12\/Mask-group-46-600x506.jpg 600w, https:\/\/natuzzi.si\/editions\/wp-content\/uploads\/2024\/12\/Mask-group-46.jpg 781w\" sizes=\"(max-width: 640px) 100vw, 781px\" \/><\/span><\/div><div class=\"fusion-text fusion-text-2\" style=\"--awb-content-alignment:right;--awb-text-font-family:&quot;Lato&quot;;--awb-text-font-style:normal;--awb-text-font-weight:700;\"><p>Pasquale Natuzzi<br \/>\nDizajner in direktor skupine Natuzzi<\/p>\n<\/div><div class=\"fusion-image-element \" style=\"text-align:right;--awb-margin-bottom:30px;--awb-caption-title-font-family:var(--h2_typography-font-family);--awb-caption-title-font-weight:var(--h2_typography-font-weight);--awb-caption-title-font-style:var(--h2_typography-font-style);--awb-caption-title-size:var(--h2_typography-font-size);--awb-caption-title-transform:var(--h2_typography-text-transform);--awb-caption-title-line-height:var(--h2_typography-line-height);--awb-caption-title-letter-spacing:var(--h2_typography-letter-spacing);\"><span class=\" fusion-imageframe imageframe-none imageframe-2 hover-type-none\"><img decoding=\"async\" width=\"277\" height=\"5\" title=\"crte\" src=\"https:\/\/natuzzi.si\/editions\/wp-content\/uploads\/2024\/12\/crte.jpg\" alt class=\"img-responsive wp-image-3293\" srcset=\"https:\/\/natuzzi.si\/editions\/wp-content\/uploads\/2024\/12\/crte-200x4.jpg 200w, https:\/\/natuzzi.si\/editions\/wp-content\/uploads\/2024\/12\/crte.jpg 277w\" sizes=\"(max-width: 640px) 100vw, 277px\" \/><\/span><\/div><div class=\"fusion-title title fusion-title-2 fusion-sep-none fusion-title-text fusion-title-size-three\"><h3 class=\"fusion-title-heading title-heading-left\" style=\"margin:0;\">O nas<\/h3><\/div><div class=\"fusion-text fusion-text-3\"><p style=\"font-weight: 400;\">Prizadevamo si, da vam ponudimo najnovej\u0161e oblikovalske trende in\u00a0<a href=\"https:\/\/natuzzieditions.si\/sl\/shop\/zofe\/\" data-saferedirecturl=\"https:\/\/www.google.com\/url?q=https:\/\/natuzzieditions.si\/sl\/shop\/zofe\/&amp;source=gmail&amp;ust=1760765575560000&amp;usg=AOvVaw0wq0NtOujZLFjXs64Bx7H5\">udobne sede\u017ene garniture<\/a>. Med raznoliko ponudbo boste na\u0161li primeren izdelek za va\u0161 \u017eivljenjski slog in va\u0161 okus.<\/p>\n<p style=\"font-weight: 400;\">Sede\u017ene garniture Natuzzi Editions smo oblikovali z mislimi na vas &#8211; klasi\u010dne, moderne, brez\u010dasne, sodobne, modularne in razgibane.<\/p>\n<p style=\"font-weight: 400;\">Kdo si ne bi \u017eelel, da kupite kos pohi\u0161tva, ki je vreden svojega imena?<\/p>\n<p style=\"font-weight: 400;\">Leto za letom, je\u00a0<a href=\"https:\/\/www.natuzzi.com\/si\/en\/\" data-saferedirecturl=\"https:\/\/www.google.com\/url?q=https:\/\/www.natuzzi.com\/si\/en\/&amp;source=gmail&amp;ust=1760765575560000&amp;usg=AOvVaw24vp6cNbp11R_PP2xBk3g1\">skupina Natuzzi<\/a>\u00a0prepoznavna po udobju, oblikovalskem napredku in po predanosti do svojih partnerjev in uporabnikov njihovih izdelkov. G. Pasquale Natuzzi, glavni stilist skupine Natuzzi, je leta 2008 postal \u010dlan zdru\u017eenja American Furniture Hall of Fame. G. Natuzzi je prvi neameri\u0161ki oblikovalec, ki je prejel presti\u017eno nagrado &#8220;Affie&#8221;.<\/p>\n<\/div><div class=\"fusion-title title fusion-title-3 fusion-sep-none fusion-title-text fusion-title-size-three\"><h3 class=\"fusion-title-heading title-heading-left\" style=\"margin:0;\">Oblikovano v Italiji, narejeno v Natuzziju<\/h3><\/div><div class=\"fusion-text fusion-text-4\"><p style=\"font-weight: 400;\">\u010ceprav Natuzzi Editions ponuja dostopnej\u0161e cene, pa sta oblikovanje in tradicionalna, rokodelska izdelava klju\u010dna pri\u00a0 ohranjanju italijanskega dizajna in kakovosti po katerih je blagovna znamka Natuzzi tudi najbolj znana. Kolekcija je zelo vsestranska, saj ponuja \u0161irok izbor modelov, dimenzij, materialov za prevleke, barv in konfiguracij, ki ustrezajo razli\u010dnim potrebam, stilom notranje opreme in okusom. Prav prilagodljivost in pestra izbira sta glavni prednosti, ki blagovno znamko uvr\u0161\u010data v sam svetovni vrh. Natuzzi Editions ima namre\u010d\u00a0 mo\u010dno mednarodno prisotnost, vsako leto odpre ve\u010d kot 40 novih trgovin in ima razvejano svetovno mre\u017eo, ki omogo\u010da dostop do njihovih izdelkov po vsem svetu.<\/p>\n<p style=\"font-weight: 400;\">Sede\u017ene garniture Natuzzi Editions smo oblikovali z mislimi na vas &#8211; klasi\u010dne, moderne, brez\u010dasne, sodobne, modularne in razgibane.<\/p>\n<p style=\"font-weight: 400;\">Kdo si ne bi \u017eelel, da kupite kos pohi\u0161tva, ki je vreden svojega imena?<\/p>\n<p style=\"font-weight: 400;\">Leto za letom, je\u00a0<a href=\"https:\/\/www.natuzzi.com\/si\/en\/\" data-saferedirecturl=\"https:\/\/www.google.com\/url?q=https:\/\/www.natuzzi.com\/si\/en\/&amp;source=gmail&amp;ust=1760765575560000&amp;usg=AOvVaw24vp6cNbp11R_PP2xBk3g1\">skupina Natuzzi<\/a>\u00a0prepoznavna po udobju, oblikovalskem napredku in po predanosti do svojih partnerjev in uporabnikov njihovih izdelkov. G. Pasquale Natuzzi, glavni stilist skupine Natuzzi, je leta 2008 postal \u010dlan zdru\u017eenja American Furniture Hall of Fame. G. Natuzzi je prvi neameri\u0161ki oblikovalec, ki je prejel presti\u017eno nagrado &#8220;Affie&#8221;.<\/p>\n<\/div><\/div><\/div><\/div><\/div>\n","protected":false},"excerpt":{"rendered":"","protected":false},"author":2,"featured_media":0,"parent":0,"menu_order":0,"comment_status":"closed","ping_status":"closed","template":"100-width.php","meta":{"_acf_changed":false,"footnotes":""},"class_list":["post-3284","page","type-page","status-publish","hentry"],"acf":[],"yoast_head":"<!-- This site is optimized with the Yoast SEO plugin v27.0 - https:\/\/yoast.com\/product\/yoast-seo-wordpress\/ -->\n<title>O nas - Natuzzi<\/title>\n<meta name=\"robots\" content=\"index, follow, max-snippet:-1, max-image-preview:large, max-video-preview:-1\" \/>\n<link rel=\"canonical\" href=\"https:\/\/natuzzi.si\/editions\/o-nas\/\" \/>\n<meta property=\"og:locale\" content=\"sl_SI\" \/>\n<meta property=\"og:type\" content=\"article\" \/>\n<meta property=\"og:title\" content=\"O nas - Natuzzi\" \/>\n<meta property=\"og:url\" content=\"https:\/\/natuzzi.si\/editions\/o-nas\/\" \/>\n<meta property=\"og:site_name\" content=\"Natuzzi\" \/>\n<meta property=\"article:modified_time\" content=\"2025-10-17T05:47:44+00:00\" \/>\n<meta name=\"twitter:card\" content=\"summary_large_image\" \/>\n<meta name=\"twitter:label1\" content=\"Est. reading time\" \/>\n\t<meta name=\"twitter:data1\" content=\"3 minute\" \/>\n<script type=\"application\/ld+json\" class=\"yoast-schema-graph\">{\"@context\":\"https:\/\/schema.org\",\"@graph\":[{\"@type\":\"WebPage\",\"@id\":\"https:\/\/natuzzi.si\/editions\/o-nas\/\",\"url\":\"https:\/\/natuzzi.si\/editions\/o-nas\/\",\"name\":\"O nas - Natuzzi\",\"isPartOf\":{\"@id\":\"https:\/\/natuzzi.si\/editions\/#website\"},\"datePublished\":\"2024-12-16T12:37:59+00:00\",\"dateModified\":\"2025-10-17T05:47:44+00:00\",\"breadcrumb\":{\"@id\":\"https:\/\/natuzzi.si\/editions\/o-nas\/#breadcrumb\"},\"inLanguage\":\"sl-SI\",\"potentialAction\":[{\"@type\":\"ReadAction\",\"target\":[\"https:\/\/natuzzi.si\/editions\/o-nas\/\"]}]},{\"@type\":\"BreadcrumbList\",\"@id\":\"https:\/\/natuzzi.si\/editions\/o-nas\/#breadcrumb\",\"itemListElement\":[{\"@type\":\"ListItem\",\"position\":1,\"name\":\"Po\u010detna stranica\",\"item\":\"https:\/\/natuzzi.si\/editions\/\"},{\"@type\":\"ListItem\",\"position\":2,\"name\":\"O nas\"}]},{\"@type\":\"WebSite\",\"@id\":\"https:\/\/natuzzi.si\/editions\/#website\",\"url\":\"https:\/\/natuzzi.si\/editions\/\",\"name\":\"Natuzzi Editions\",\"description\":\"\",\"potentialAction\":[{\"@type\":\"SearchAction\",\"target\":{\"@type\":\"EntryPoint\",\"urlTemplate\":\"https:\/\/natuzzi.si\/editions\/?s={search_term_string}\"},\"query-input\":{\"@type\":\"PropertyValueSpecification\",\"valueRequired\":true,\"valueName\":\"search_term_string\"}}],\"inLanguage\":\"sl-SI\"}]}<\/script>\n<!-- \/ Yoast SEO plugin. -->","yoast_head_json":{"title":"O nas - Natuzzi","robots":{"index":"index","follow":"follow","max-snippet":"max-snippet:-1","max-image-preview":"max-image-preview:large","max-video-preview":"max-video-preview:-1"},"canonical":"https:\/\/natuzzi.si\/editions\/o-nas\/","og_locale":"sl_SI","og_type":"article","og_title":"O nas - Natuzzi","og_url":"https:\/\/natuzzi.si\/editions\/o-nas\/","og_site_name":"Natuzzi","article_modified_time":"2025-10-17T05:47:44+00:00","twitter_card":"summary_large_image","twitter_misc":{"Est. reading time":"3 minute"},"schema":{"@context":"https:\/\/schema.org","@graph":[{"@type":"WebPage","@id":"https:\/\/natuzzi.si\/editions\/o-nas\/","url":"https:\/\/natuzzi.si\/editions\/o-nas\/","name":"O nas - Natuzzi","isPartOf":{"@id":"https:\/\/natuzzi.si\/editions\/#website"},"datePublished":"2024-12-16T12:37:59+00:00","dateModified":"2025-10-17T05:47:44+00:00","breadcrumb":{"@id":"https:\/\/natuzzi.si\/editions\/o-nas\/#breadcrumb"},"inLanguage":"sl-SI","potentialAction":[{"@type":"ReadAction","target":["https:\/\/natuzzi.si\/editions\/o-nas\/"]}]},{"@type":"BreadcrumbList","@id":"https:\/\/natuzzi.si\/editions\/o-nas\/#breadcrumb","itemListElement":[{"@type":"ListItem","position":1,"name":"Po\u010detna stranica","item":"https:\/\/natuzzi.si\/editions\/"},{"@type":"ListItem","position":2,"name":"O nas"}]},{"@type":"WebSite","@id":"https:\/\/natuzzi.si\/editions\/#website","url":"https:\/\/natuzzi.si\/editions\/","name":"Natuzzi Editions","description":"","potentialAction":[{"@type":"SearchAction","target":{"@type":"EntryPoint","urlTemplate":"https:\/\/natuzzi.si\/editions\/?s={search_term_string}"},"query-input":{"@type":"PropertyValueSpecification","valueRequired":true,"valueName":"search_term_string"}}],"inLanguage":"sl-SI"}]}},"_links":{"self":[{"href":"https:\/\/natuzzi.si\/editions\/wp-json\/wp\/v2\/pages\/3284","targetHints":{"allow":["GET"]}}],"collection":[{"href":"https:\/\/natuzzi.si\/editions\/wp-json\/wp\/v2\/pages"}],"about":[{"href":"https:\/\/natuzzi.si\/editions\/wp-json\/wp\/v2\/types\/page"}],"author":[{"embeddable":true,"href":"https:\/\/natuzzi.si\/editions\/wp-json\/wp\/v2\/users\/2"}],"replies":[{"embeddable":true,"href":"https:\/\/natuzzi.si\/editions\/wp-json\/wp\/v2\/comments?post=3284"}],"version-history":[{"count":12,"href":"https:\/\/natuzzi.si\/editions\/wp-json\/wp\/v2\/pages\/3284\/revisions"}],"predecessor-version":[{"id":6465,"href":"https:\/\/natuzzi.si\/editions\/wp-json\/wp\/v2\/pages\/3284\/revisions\/6465"}],"wp:attachment":[{"href":"https:\/\/natuzzi.si\/editions\/wp-json\/wp\/v2\/media?parent=3284"}],"curies":[{"name":"wp","href":"https:\/\/api.w.org\/{rel}","templated":true}]}}