{"id":3265,"date":"2024-12-16T11:54:40","date_gmt":"2024-12-16T11:54:40","guid":{"rendered":"https:\/\/natuzzi.si\/editions\/?page_id=3265"},"modified":"2025-10-17T10:38:29","modified_gmt":"2025-10-17T08:38:29","slug":"kontakt","status":"publish","type":"page","link":"https:\/\/natuzzi.si\/editions\/kontakt\/","title":{"rendered":"Kontakt"},"content":{"rendered":"<div class=\"fusion-fullwidth fullwidth-box fusion-builder-row-1 fusion-flex-container has-pattern-background has-mask-background na-500-pink-bg-container nonhundred-percent-fullwidth non-hundred-percent-height-scrolling\" style=\"--awb-border-radius-top-left:0px;--awb-border-radius-top-right:0px;--awb-border-radius-bottom-right:0px;--awb-border-radius-bottom-left:0px;--awb-padding-top:180px;--awb-padding-top-small:60px;--awb-flex-wrap:wrap;\" ><div class=\"fusion-builder-row fusion-row fusion-flex-align-items-flex-start fusion-flex-justify-content-center fusion-flex-content-wrap\" style=\"max-width:1788.8px;margin-left: calc(-4% \/ 2 );margin-right: calc(-4% \/ 2 );\"><div class=\"fusion-layout-column fusion_builder_column fusion-builder-column-0 fusion-flex-column\" style=\"--awb-bg-size:cover;--awb-width-large:800px;--awb-margin-top-large:0px;--awb-spacing-right-large:2%;--awb-margin-bottom-large:20px;--awb-spacing-left-large:2%;--awb-width-medium:800px;--awb-order-medium:0;--awb-spacing-right-medium:2%;--awb-spacing-left-medium:2%;--awb-width-small:100%;--awb-order-small:0;--awb-spacing-right-small:1.92%;--awb-spacing-left-small:1.92%;\" data-scroll-devices=\"small-visibility,medium-visibility,large-visibility\"><div class=\"fusion-column-wrapper fusion-column-has-shadow fusion-flex-justify-content-flex-start fusion-content-layout-column\"><div class=\"fusion-title title fusion-title-1 fusion-sep-none fusion-title-text fusion-title-size-one\"><h1 class=\"fusion-title-heading title-heading-left\" style=\"margin:0;\">Pi\u0161ite nam<\/h1><\/div><div class=\"fusion-form fusion-form-builder fusion-form-form-wrapper fusion-form-3276\" style=\"--awb-margin-right:0px;--awb-margin-left:0px;--awb-tooltip-text-color:#ffffff;--awb-tooltip-background-color:#333333;\" data-form-id=\"3276\" data-config=\"{&quot;form_id&quot;:&quot;3276&quot;,&quot;form_post_id&quot;:&quot;3276&quot;,&quot;post_id&quot;:3265,&quot;form_type&quot;:&quot;ajax&quot;,&quot;confirmation_type&quot;:&quot;message&quot;,&quot;redirect_url&quot;:&quot;&quot;,&quot;field_labels&quot;:{&quot;ime_i_prezime&quot;:&quot;Ime in priimek&quot;,&quot;e-posta&quot;:&quot;E-mail&quot;,&quot;telefon&quot;:&quot;Telefon&quot;,&quot;prodajni_salon&quot;:&quot;Prodajni center&quot;,&quot;poruka&quot;:&quot;Sporo\\u010dilo&quot;,&quot;slazem_se_s_politikom_privatnosti&quot;:&quot;Strinjam se s politiko zasebnosti.&quot;},&quot;field_logics&quot;:{&quot;ime_i_prezime&quot;:&quot;&quot;,&quot;e-posta&quot;:&quot;&quot;,&quot;telefon&quot;:&quot;&quot;,&quot;prodajni_salon&quot;:&quot;&quot;,&quot;poruka&quot;:&quot;&quot;,&quot;slazem_se_s_politikom_privatnosti&quot;:&quot;&quot;,&quot;notice_1&quot;:&quot;&quot;},&quot;field_types&quot;:{&quot;ime_i_prezime&quot;:&quot;text&quot;,&quot;e-posta&quot;:&quot;email&quot;,&quot;telefon&quot;:&quot;phone_number&quot;,&quot;prodajni_salon&quot;:&quot;select&quot;,&quot;poruka&quot;:&quot;textarea&quot;,&quot;slazem_se_s_politikom_privatnosti&quot;:&quot;consent&quot;,&quot;submit_1&quot;:&quot;submit&quot;,&quot;notice_1&quot;:&quot;notice&quot;},&quot;nonce_method&quot;:&quot;ajax&quot;}\"><form action=\"https:\/\/natuzzi.si\/editions\/kontakt\/\" method=\"post\" class=\"fusion-form fusion-form-3276\"><div class=\"fusion-fullwidth fullwidth-box fusion-builder-row-1-1 fusion-flex-container has-pattern-background has-mask-background nonhundred-percent-fullwidth non-hundred-percent-height-scrolling\" style=\"--awb-border-radius-top-left:0px;--awb-border-radius-top-right:0px;--awb-border-radius-bottom-right:0px;--awb-border-radius-bottom-left:0px;--awb-padding-right:0px;--awb-padding-left:0px;--awb-flex-wrap:wrap;\" ><div class=\"fusion-builder-row fusion-row fusion-flex-align-items-flex-start fusion-flex-content-wrap\" style=\"width:104% !important;max-width:104% !important;margin-left: calc(-4% \/ 2 );margin-right: calc(-4% \/ 2 );\"><div class=\"fusion-layout-column fusion_builder_column fusion-builder-column-1 fusion_builder_column_1_1 1_1 fusion-flex-column\" style=\"--awb-bg-size:cover;--awb-width-large:100%;--awb-margin-top-large:0px;--awb-spacing-right-large:1.92%;--awb-margin-bottom-large:20px;--awb-spacing-left-large:1.92%;--awb-width-medium:100%;--awb-order-medium:0;--awb-spacing-right-medium:1.92%;--awb-spacing-left-medium:1.92%;--awb-width-small:100%;--awb-order-small:0;--awb-spacing-right-small:1.92%;--awb-spacing-left-small:1.92%;\"><div class=\"fusion-column-wrapper fusion-column-has-shadow fusion-flex-justify-content-flex-start fusion-content-layout-column\"><div class=\"fusion-form-field fusion-form-text-field fusion-form-label-above\" style=\"\" data-form-id=\"3276\"><div class=\"fusion-form-label-wrapper\"><label for=\"ime_i_prezime\">Ime in priimek <abbr class=\"fusion-form-element-required\" title=\"required\">*<\/abbr><\/label><\/div><input type=\"text\" name=\"ime_i_prezime\" id=\"ime_i_prezime\" value=\"\"  class=\"fusion-form-input\" required=\"true\" aria-required=\"true\" data-holds-private-data=\"false\" minlength=\"0\"\/><\/div><div class=\"fusion-form-field fusion-form-email-field fusion-form-label-above\" style=\"\" data-form-id=\"3276\"><div class=\"fusion-form-label-wrapper\"><label for=\"e-posta\">E-mail <abbr class=\"fusion-form-element-required\" title=\"required\">*<\/abbr><\/label><\/div><input type=\"email\" name=\"e-posta\" id=\"e-posta\" value=\"\"  class=\"fusion-form-input\" required=\"true\" aria-required=\"true\" data-holds-private-data=\"false\"\/><\/div><div class=\"fusion-form-field fusion-form-phone-number-field fusion-form-label-above\" style=\"\" data-form-id=\"3276\"><div class=\"fusion-form-label-wrapper\"><label for=\"telefon\">Telefon <abbr class=\"fusion-form-element-required\" title=\"required\">*<\/abbr><\/label><\/div><input type=\"tel\" name=\"telefon\" id=\"telefon\" value=\"\"  class=\"fusion-form-input\" required=\"true\" aria-required=\"true\" data-holds-private-data=\"false\"\/><\/div><div class=\"fusion-form-field fusion-form-select-field fusion-form-label-above\" style=\"\" data-form-id=\"3276\"><label for=\"prodajni_salon\">Prodajni center<\/label><div class=\"fusion-select-wrapper\"><select tabindex=\"\" id=\"prodajni_salon\" name=\"prodajni_salon\" class=\"fusion-form-input\" data-holds-private-data=\"false\"><option value=\"Ljubljana\" >Ljubljana<\/option><option value=\"Celje\" >Celje<\/option><\/select><div class=\"select-arrow\"><svg width=\"12\" height=\"8\" viewBox=\"0 0 12 8\" fill=\"none\" xmlns=\"http:\/\/www.w3.org\/2000\/svg\"> <path d=\"M1.5 1.75L6 6.25L10.5 1.75\" stroke=\"#6D6D6D\" stroke-width=\"2\" stroke-linecap=\"round\" stroke-linejoin=\"round\"\/> <\/svg><\/div><\/div><\/div><div class=\"fusion-form-field fusion-form-textarea-field fusion-form-label-above\" style=\"\" data-form-id=\"3276\"><label for=\"poruka\">Sporo\u010dilo <abbr class=\"fusion-form-element-required\" title=\"required\">*<\/abbr><\/label><textarea cols=\"40\"  minlength=\"0\"  rows=\"5\" tabindex=\"\" id=\"poruka\" name=\"poruka\" class=\"fusion-form-input\" required=\"true\" aria-required=\"true\" data-holds-private-data=\"false\"><\/textarea><\/div><div class=\"fusion-form-field fusion-form-consent-field fusion-form-label-above\" style=\"\" data-form-id=\"3276\"><div class=\"fusion-form-label-wrapper\"><label for=\"slazem_se_s_politikom_privatnosti\">Strinjam se s politiko zasebnosti. <abbr class=\"fusion-form-element-required\" title=\"required\">*<\/abbr><\/label><\/div><div class=\"fusion-form-checkbox option-inline\"><input tabindex=\"\" id=\"slazem_se_s_politikom_privatnosti\" type=\"checkbox\" value=\"1\" name=\"slazem_se_s_politikom_privatnosti\" class=\"fusion-form-input\" required=\"true\" aria-required=\"true\"\/><label for=\"slazem_se_s_politikom_privatnosti\"><\/label><\/div><\/div><div class=\"fusion-form-field fusion-form-submit-field fusion-form-label-above\" style=\"\" data-form-id=\"3276\"><div style=\"text-align:left;\"><button type=\"submit\" class=\"fusion-button button-flat fusion-button-default-size button-custom fusion-button-default button-1 fusion-button-span-yes  form-form-submit button-default\" style=\"--button_accent_color:var(--awb-color1);--button_accent_hover_color:var(--awb-color1);--button_border_hover_color:var(--awb-color4);--button_gradient_top_color:var(--awb-color8);--button_gradient_bottom_color:var(--awb-color8);--button_gradient_top_color_hover:var(--awb-color4);--button_gradient_bottom_color_hover:var(--awb-color4);--button_font_size:18px;--button_padding-top:20px;--button_padding-right:50px;--button_padding-bottom:20px;--button_padding-left:50px;--button_typography-font-family:&quot;Lato&quot;;--button_typography-font-style:normal;--button_typography-font-weight:400;\" data-form-number=\"3276\" tabindex=\"\"><span class=\"fusion-button-text\">Po\u0161lji<\/span><\/button><\/div><\/div><div class=\"form-submission-notices data-notice_1\" id=\"fusion-notices-1\"><div class=\"fusion-alert alert success alert-success fusion-alert-center fusion-form-response fusion-form-response-success awb-alert-native-link-color alert-dismissable awb-alert-close-boxed\" role=\"alert\"><div class=\"fusion-alert-content-wrapper\"><span class=\"alert-icon\"><i class=\"awb-icon-check-circle\" aria-hidden=\"true\"><\/i><\/span><span class=\"fusion-alert-content\">Hvala vam na sporo\u010dilu. Sporo\u010dilo je poslano.<\/span><\/div><button type=\"button\" class=\"close toggle-alert\" data-dismiss=\"alert\" aria-label=\"Close\">&times;<\/button><\/div><div class=\"fusion-alert alert error alert-danger fusion-alert-center fusion-form-response fusion-form-response-error awb-alert-native-link-color alert-dismissable awb-alert-close-boxed\" role=\"alert\"><div class=\"fusion-alert-content-wrapper\"><span class=\"alert-icon\"><i class=\"awb-icon-exclamation-triangle\" aria-hidden=\"true\"><\/i><\/span><span class=\"fusion-alert-content\">Pri po\u0161iljanju sporo\u010dila je pri\u0161lo do napake. Prosim poskusite ponovno.<\/span><\/div><button type=\"button\" class=\"close toggle-alert\" data-dismiss=\"alert\" aria-label=\"Close\">&times;<\/button><\/div><\/div><\/div><\/div><\/div><\/div><\/form><\/div><div class=\"fusion-image-element \" style=\"--awb-caption-title-font-family:var(--h2_typography-font-family);--awb-caption-title-font-weight:var(--h2_typography-font-weight);--awb-caption-title-font-style:var(--h2_typography-font-style);--awb-caption-title-size:var(--h2_typography-font-size);--awb-caption-title-transform:var(--h2_typography-text-transform);--awb-caption-title-line-height:var(--h2_typography-line-height);--awb-caption-title-letter-spacing:var(--h2_typography-letter-spacing);\"><span class=\" fusion-imageframe imageframe-none imageframe-1 hover-type-none\"><img decoding=\"async\" width=\"780\" height=\"4\" title=\"crte (1)\" src=\"https:\/\/natuzzi.si\/editions\/wp-content\/uploads\/2024\/12\/crte-1.jpg\" alt class=\"img-responsive wp-image-3300\" srcset=\"https:\/\/natuzzi.si\/editions\/wp-content\/uploads\/2024\/12\/crte-1-200x1.jpg 200w, https:\/\/natuzzi.si\/editions\/wp-content\/uploads\/2024\/12\/crte-1-400x2.jpg 400w, https:\/\/natuzzi.si\/editions\/wp-content\/uploads\/2024\/12\/crte-1-600x3.jpg 600w, https:\/\/natuzzi.si\/editions\/wp-content\/uploads\/2024\/12\/crte-1.jpg 780w\" sizes=\"(max-width: 640px) 100vw, 780px\" \/><\/span><\/div><div class=\"fusion-title title fusion-title-2 fusion-sep-none fusion-title-text fusion-title-size-three\"><h3 class=\"fusion-title-heading title-heading-left\" style=\"margin:0;\">Prodajni saloni<\/h3><\/div><div class=\"fusion-tabs fusion-tabs-1 clean nav-not-justified na-locations-tabs horizontal-tabs icon-position-left mobile-mode-accordion\" style=\"--awb-title-border-radius-top-left:0px;--awb-title-border-radius-top-right:0px;--awb-title-border-radius-bottom-right:0px;--awb-title-border-radius-bottom-left:0px;--awb-title-font-size:18px;--awb-alignment:start;--awb-inactive-color:var(--awb-color1);--awb-title-text-color:var(--awb-color8);--awb-title-active-text-color:var(--awb-color4);--awb-background-color:var(--awb-color1);--awb-border-color:var(--awb-color1);--awb-active-border-color:var(--awb-color1);--awb-title-font-family:&quot;Lato&quot;;--awb-title-font-style:normal;--awb-title-font-weight:900;\"><div class=\"nav\"><ul class=\"nav-tabs\" role=\"tablist\"><li class=\"active\" role=\"presentation\"><a class=\"tab-link\" data-toggle=\"tab\" role=\"tab\" aria-controls=\"tab-f797e49a21d3f22396c\" aria-selected=\"true\" id=\"fusion-tab-salonnatuzzi\u2013rezidenca\" href=\"#tab-f797e49a21d3f22396c\"><div class=\"fusion-tab-heading\">Salon Natuzzi \u2013 Rezidenca<\/div><\/a><\/li><li role=\"presentation\"><a class=\"tab-link\" data-toggle=\"tab\" role=\"tab\" aria-controls=\"tab-4e643a88c13efd207e3\" aria-selected=\"false\" tabindex=\"-1\" id=\"fusion-tab-celeiapark,celje\" href=\"#tab-4e643a88c13efd207e3\"><div class=\"fusion-tab-heading\">Celeia park, Celje<\/div><\/a><\/li><\/ul><\/div><div class=\"tab-content\"><div class=\"nav fusion-mobile-tab-nav\"><ul class=\"nav-tabs\" role=\"tablist\"><li class=\"active\" role=\"presentation\"><a class=\"tab-link\" data-toggle=\"tab\" role=\"tab\" aria-controls=\"tab-f797e49a21d3f22396c\" aria-selected=\"true\" id=\"mobile-fusion-tab-salonnatuzzi\u2013rezidenca\" href=\"#tab-f797e49a21d3f22396c\"><div class=\"fusion-tab-heading\">Salon Natuzzi \u2013 Rezidenca<\/div><\/a><\/li><\/ul><\/div><div class=\"tab-pane fade fusion-clearfix in active\" role=\"tabpanel\" tabindex=\"0\" aria-labelledby=\"fusion-tab-salonnatuzzi\u2013rezidenca\" id=\"tab-f797e49a21d3f22396c\">\n<p><img decoding=\"async\" class=\"alignnone wp-image-6467 size-full\" src=\"https:\/\/natuzzi.si\/editions\/wp-content\/uploads\/2025\/10\/ljubljana.png\" alt=\"\" width=\"985\" height=\"765\" srcset=\"https:\/\/natuzzi.si\/editions\/wp-content\/uploads\/2025\/10\/ljubljana-200x155.png 200w, https:\/\/natuzzi.si\/editions\/wp-content\/uploads\/2025\/10\/ljubljana-300x233.png 300w, https:\/\/natuzzi.si\/editions\/wp-content\/uploads\/2025\/10\/ljubljana-400x311.png 400w, https:\/\/natuzzi.si\/editions\/wp-content\/uploads\/2025\/10\/ljubljana-500x388.png 500w, https:\/\/natuzzi.si\/editions\/wp-content\/uploads\/2025\/10\/ljubljana-600x466.png 600w, https:\/\/natuzzi.si\/editions\/wp-content\/uploads\/2025\/10\/ljubljana-700x544.png 700w, https:\/\/natuzzi.si\/editions\/wp-content\/uploads\/2025\/10\/ljubljana-768x596.png 768w, https:\/\/natuzzi.si\/editions\/wp-content\/uploads\/2025\/10\/ljubljana-800x621.png 800w, https:\/\/natuzzi.si\/editions\/wp-content\/uploads\/2025\/10\/ljubljana.png 985w\" sizes=\"(max-width: 985px) 100vw, 985px\" \/><\/p>\n<\/div><div class=\"nav fusion-mobile-tab-nav\"><ul class=\"nav-tabs\" role=\"tablist\"><li role=\"presentation\"><a class=\"tab-link\" data-toggle=\"tab\" role=\"tab\" aria-controls=\"tab-4e643a88c13efd207e3\" aria-selected=\"false\" tabindex=\"-1\" id=\"mobile-fusion-tab-celeiapark,celje\" href=\"#tab-4e643a88c13efd207e3\"><div class=\"fusion-tab-heading\">Celeia park, Celje<\/div><\/a><\/li><\/ul><\/div><div class=\"tab-pane fade fusion-clearfix\" role=\"tabpanel\" tabindex=\"0\" aria-labelledby=\"fusion-tab-celeiapark,celje\" id=\"tab-4e643a88c13efd207e3\">\n<p><img decoding=\"async\" class=\"alignnone wp-image-6468 size-full\" src=\"https:\/\/natuzzi.si\/editions\/wp-content\/uploads\/2025\/10\/celje.png\" alt=\"\" width=\"985\" height=\"655\" srcset=\"https:\/\/natuzzi.si\/editions\/wp-content\/uploads\/2025\/10\/celje-200x133.png 200w, https:\/\/natuzzi.si\/editions\/wp-content\/uploads\/2025\/10\/celje-300x199.png 300w, https:\/\/natuzzi.si\/editions\/wp-content\/uploads\/2025\/10\/celje-400x266.png 400w, https:\/\/natuzzi.si\/editions\/wp-content\/uploads\/2025\/10\/celje-500x332.png 500w, https:\/\/natuzzi.si\/editions\/wp-content\/uploads\/2025\/10\/celje-600x399.png 600w, https:\/\/natuzzi.si\/editions\/wp-content\/uploads\/2025\/10\/celje-700x465.png 700w, https:\/\/natuzzi.si\/editions\/wp-content\/uploads\/2025\/10\/celje-768x511.png 768w, https:\/\/natuzzi.si\/editions\/wp-content\/uploads\/2025\/10\/celje-800x532.png 800w, https:\/\/natuzzi.si\/editions\/wp-content\/uploads\/2025\/10\/celje.png 985w\" sizes=\"(max-width: 985px) 100vw, 985px\" \/><\/p>\n<\/div><\/div><\/div><\/div><\/div><\/div><\/div>\n","protected":false},"excerpt":{"rendered":"","protected":false},"author":2,"featured_media":0,"parent":0,"menu_order":0,"comment_status":"closed","ping_status":"closed","template":"100-width.php","meta":{"_acf_changed":false,"footnotes":""},"class_list":["post-3265","page","type-page","status-publish","hentry"],"acf":[],"yoast_head":"<!-- This site is optimized with the Yoast SEO plugin v27.0 - https:\/\/yoast.com\/product\/yoast-seo-wordpress\/ -->\n<title>Kontakt - Natuzzi<\/title>\n<meta name=\"robots\" content=\"index, follow, max-snippet:-1, max-image-preview:large, max-video-preview:-1\" \/>\n<link rel=\"canonical\" href=\"https:\/\/natuzzi.si\/editions\/kontakt\/\" \/>\n<meta property=\"og:locale\" content=\"sl_SI\" \/>\n<meta property=\"og:type\" content=\"article\" \/>\n<meta property=\"og:title\" content=\"Kontakt - Natuzzi\" \/>\n<meta property=\"og:url\" content=\"https:\/\/natuzzi.si\/editions\/kontakt\/\" \/>\n<meta property=\"og:site_name\" content=\"Natuzzi\" \/>\n<meta property=\"article:modified_time\" content=\"2025-10-17T08:38:29+00:00\" \/>\n<meta property=\"og:image\" content=\"https:\/\/natuzzi.si\/editions\/wp-content\/uploads\/2025\/10\/ljubljana.png\" \/>\n<meta name=\"twitter:card\" content=\"summary_large_image\" \/>\n<meta name=\"twitter:label1\" content=\"Est. reading time\" \/>\n\t<meta name=\"twitter:data1\" content=\"1 minuta\" \/>\n<script type=\"application\/ld+json\" class=\"yoast-schema-graph\">{\"@context\":\"https:\/\/schema.org\",\"@graph\":[{\"@type\":\"WebPage\",\"@id\":\"https:\/\/natuzzi.si\/editions\/kontakt\/\",\"url\":\"https:\/\/natuzzi.si\/editions\/kontakt\/\",\"name\":\"Kontakt - Natuzzi\",\"isPartOf\":{\"@id\":\"https:\/\/natuzzi.si\/editions\/#website\"},\"primaryImageOfPage\":{\"@id\":\"https:\/\/natuzzi.si\/editions\/kontakt\/#primaryimage\"},\"image\":{\"@id\":\"https:\/\/natuzzi.si\/editions\/kontakt\/#primaryimage\"},\"thumbnailUrl\":\"https:\/\/natuzzi.si\/editions\/wp-content\/uploads\/2025\/10\/ljubljana.png\",\"datePublished\":\"2024-12-16T11:54:40+00:00\",\"dateModified\":\"2025-10-17T08:38:29+00:00\",\"breadcrumb\":{\"@id\":\"https:\/\/natuzzi.si\/editions\/kontakt\/#breadcrumb\"},\"inLanguage\":\"sl-SI\",\"potentialAction\":[{\"@type\":\"ReadAction\",\"target\":[\"https:\/\/natuzzi.si\/editions\/kontakt\/\"]}]},{\"@type\":\"ImageObject\",\"inLanguage\":\"sl-SI\",\"@id\":\"https:\/\/natuzzi.si\/editions\/kontakt\/#primaryimage\",\"url\":\"https:\/\/natuzzi.si\/editions\/wp-content\/uploads\/2025\/10\/ljubljana.png\",\"contentUrl\":\"https:\/\/natuzzi.si\/editions\/wp-content\/uploads\/2025\/10\/ljubljana.png\",\"width\":985,\"height\":765},{\"@type\":\"BreadcrumbList\",\"@id\":\"https:\/\/natuzzi.si\/editions\/kontakt\/#breadcrumb\",\"itemListElement\":[{\"@type\":\"ListItem\",\"position\":1,\"name\":\"Po\u010detna stranica\",\"item\":\"https:\/\/natuzzi.si\/editions\/\"},{\"@type\":\"ListItem\",\"position\":2,\"name\":\"Kontakt\"}]},{\"@type\":\"WebSite\",\"@id\":\"https:\/\/natuzzi.si\/editions\/#website\",\"url\":\"https:\/\/natuzzi.si\/editions\/\",\"name\":\"Natuzzi Editions\",\"description\":\"\",\"potentialAction\":[{\"@type\":\"SearchAction\",\"target\":{\"@type\":\"EntryPoint\",\"urlTemplate\":\"https:\/\/natuzzi.si\/editions\/?s={search_term_string}\"},\"query-input\":{\"@type\":\"PropertyValueSpecification\",\"valueRequired\":true,\"valueName\":\"search_term_string\"}}],\"inLanguage\":\"sl-SI\"}]}<\/script>\n<!-- \/ Yoast SEO plugin. -->","yoast_head_json":{"title":"Kontakt - Natuzzi","robots":{"index":"index","follow":"follow","max-snippet":"max-snippet:-1","max-image-preview":"max-image-preview:large","max-video-preview":"max-video-preview:-1"},"canonical":"https:\/\/natuzzi.si\/editions\/kontakt\/","og_locale":"sl_SI","og_type":"article","og_title":"Kontakt - Natuzzi","og_url":"https:\/\/natuzzi.si\/editions\/kontakt\/","og_site_name":"Natuzzi","article_modified_time":"2025-10-17T08:38:29+00:00","og_image":[{"url":"https:\/\/natuzzi.si\/editions\/wp-content\/uploads\/2025\/10\/ljubljana.png","type":"","width":"","height":""}],"twitter_card":"summary_large_image","twitter_misc":{"Est. reading time":"1 minuta"},"schema":{"@context":"https:\/\/schema.org","@graph":[{"@type":"WebPage","@id":"https:\/\/natuzzi.si\/editions\/kontakt\/","url":"https:\/\/natuzzi.si\/editions\/kontakt\/","name":"Kontakt - Natuzzi","isPartOf":{"@id":"https:\/\/natuzzi.si\/editions\/#website"},"primaryImageOfPage":{"@id":"https:\/\/natuzzi.si\/editions\/kontakt\/#primaryimage"},"image":{"@id":"https:\/\/natuzzi.si\/editions\/kontakt\/#primaryimage"},"thumbnailUrl":"https:\/\/natuzzi.si\/editions\/wp-content\/uploads\/2025\/10\/ljubljana.png","datePublished":"2024-12-16T11:54:40+00:00","dateModified":"2025-10-17T08:38:29+00:00","breadcrumb":{"@id":"https:\/\/natuzzi.si\/editions\/kontakt\/#breadcrumb"},"inLanguage":"sl-SI","potentialAction":[{"@type":"ReadAction","target":["https:\/\/natuzzi.si\/editions\/kontakt\/"]}]},{"@type":"ImageObject","inLanguage":"sl-SI","@id":"https:\/\/natuzzi.si\/editions\/kontakt\/#primaryimage","url":"https:\/\/natuzzi.si\/editions\/wp-content\/uploads\/2025\/10\/ljubljana.png","contentUrl":"https:\/\/natuzzi.si\/editions\/wp-content\/uploads\/2025\/10\/ljubljana.png","width":985,"height":765},{"@type":"BreadcrumbList","@id":"https:\/\/natuzzi.si\/editions\/kontakt\/#breadcrumb","itemListElement":[{"@type":"ListItem","position":1,"name":"Po\u010detna stranica","item":"https:\/\/natuzzi.si\/editions\/"},{"@type":"ListItem","position":2,"name":"Kontakt"}]},{"@type":"WebSite","@id":"https:\/\/natuzzi.si\/editions\/#website","url":"https:\/\/natuzzi.si\/editions\/","name":"Natuzzi Editions","description":"","potentialAction":[{"@type":"SearchAction","target":{"@type":"EntryPoint","urlTemplate":"https:\/\/natuzzi.si\/editions\/?s={search_term_string}"},"query-input":{"@type":"PropertyValueSpecification","valueRequired":true,"valueName":"search_term_string"}}],"inLanguage":"sl-SI"}]}},"_links":{"self":[{"href":"https:\/\/natuzzi.si\/editions\/wp-json\/wp\/v2\/pages\/3265","targetHints":{"allow":["GET"]}}],"collection":[{"href":"https:\/\/natuzzi.si\/editions\/wp-json\/wp\/v2\/pages"}],"about":[{"href":"https:\/\/natuzzi.si\/editions\/wp-json\/wp\/v2\/types\/page"}],"author":[{"embeddable":true,"href":"https:\/\/natuzzi.si\/editions\/wp-json\/wp\/v2\/users\/2"}],"replies":[{"embeddable":true,"href":"https:\/\/natuzzi.si\/editions\/wp-json\/wp\/v2\/comments?post=3265"}],"version-history":[{"count":21,"href":"https:\/\/natuzzi.si\/editions\/wp-json\/wp\/v2\/pages\/3265\/revisions"}],"predecessor-version":[{"id":6469,"href":"https:\/\/natuzzi.si\/editions\/wp-json\/wp\/v2\/pages\/3265\/revisions\/6469"}],"wp:attachment":[{"href":"https:\/\/natuzzi.si\/editions\/wp-json\/wp\/v2\/media?parent=3265"}],"curies":[{"name":"wp","href":"https:\/\/api.w.org\/{rel}","templated":true}]}}